{"id":1613,"date":"2021-04-12T13:16:15","date_gmt":"2021-04-12T13:16:15","guid":{"rendered":"https:\/\/droppingthebaggage.eu\/about\/"},"modified":"2021-04-12T13:16:15","modified_gmt":"2021-04-12T13:16:15","slug":"about","status":"publish","type":"page","link":"https:\/\/droppingthebaggage.eu\/fi\/about\/","title":{"rendered":"about"},"content":{"rendered":"\t\t<div data-elementor-type=\"wp-page\" data-elementor-id=\"1613\" class=\"elementor elementor-1613 elementor-668\" data-elementor-post-type=\"page\">\n\t\t\t\t\t\t<section class=\"elementor-section elementor-top-section elementor-element elementor-element-eab9c17 elementor-section-boxed elementor-section-height-default elementor-section-height-default\" data-id=\"eab9c17\" data-element_type=\"section\" data-e-type=\"section\">\n\t\t\t\t\t\t<div class=\"elementor-container elementor-column-gap-default\">\n\t\t\t\t\t<div class=\"elementor-column elementor-col-100 elementor-top-column elementor-element elementor-element-52fa9f1\" data-id=\"52fa9f1\" data-element_type=\"column\" data-e-type=\"column\">\n\t\t\t<div class=\"elementor-widget-wrap elementor-element-populated\">\n\t\t\t\t\t\t<div class=\"elementor-element elementor-element-69dc5ba elementor-widget elementor-widget-spacer\" data-id=\"69dc5ba\" data-element_type=\"widget\" data-e-type=\"widget\" data-widget_type=\"spacer.default\">\n\t\t\t\t<div class=\"elementor-widget-container\">\n\t\t\t\t\t\t\t<div class=\"elementor-spacer\">\n\t\t\t<div class=\"elementor-spacer-inner\"><\/div>\n\t\t<\/div>\n\t\t\t\t\t\t<\/div>\n\t\t\t\t<\/div>\n\t\t\t\t<div class=\"elementor-element elementor-element-3e967d2 elementor-widget elementor-widget-text-editor\" data-id=\"3e967d2\" data-element_type=\"widget\" data-e-type=\"widget\" data-widget_type=\"text-editor.default\">\n\t\t\t\t<div class=\"elementor-widget-container\">\n\t\t\t\t\t\t\t\t\t<h2><strong>J\u00e4t\u00e4 menneisyytesi taaksesi\u2013 Investoi tulevaisuutesi<\/strong><\/h2>\n\t\t\t\t\t\t\t\t<\/div>\n\t\t\t\t<\/div>\n\t\t\t\t<section class=\"elementor-section elementor-inner-section elementor-element elementor-element-2642f03 elementor-section-content-middle elementor-section-boxed elementor-section-height-default elementor-section-height-default\" data-id=\"2642f03\" data-element_type=\"section\" data-e-type=\"section\">\n\t\t\t\t\t\t<div class=\"elementor-container elementor-column-gap-default\">\n\t\t\t\t\t<div class=\"elementor-column elementor-col-50 elementor-inner-column elementor-element elementor-element-ff21356\" data-id=\"ff21356\" data-element_type=\"column\" data-e-type=\"column\">\n\t\t\t<div class=\"elementor-widget-wrap elementor-element-populated\">\n\t\t\t\t\t\t<div class=\"elementor-element elementor-element-bb6d991 elementor-widget elementor-widget-video\" data-id=\"bb6d991\" data-element_type=\"widget\" data-e-type=\"widget\" data-settings=\"{&quot;video_type&quot;:&quot;hosted&quot;,&quot;autoplay&quot;:&quot;yes&quot;,&quot;play_on_mobile&quot;:&quot;yes&quot;,&quot;mute&quot;:&quot;yes&quot;,&quot;loop&quot;:&quot;yes&quot;}\" data-widget_type=\"video.default\">\n\t\t\t\t<div class=\"elementor-widget-container\">\n\t\t\t\t\t\t\t<div class=\"e-hosted-video elementor-wrapper elementor-open-inline\">\n\t\t\t\t\t<video class=\"elementor-video\" src=\"https:\/\/droppingthebaggage.eu\/wp-content\/uploads\/2021\/03\/about-banner-1.mp4\" autoplay=\"\" loop=\"\" muted=\"muted\" playsinline=\"\" controlsList=\"nodownload\" poster=\"https:\/\/droppingthebaggage.eu\/wp-content\/uploads\/2021\/03\/about-002.jpg\"><\/video>\n\t\t\t\t<\/div>\n\t\t\t\t\t\t<\/div>\n\t\t\t\t<\/div>\n\t\t\t\t\t<\/div>\n\t\t<\/div>\n\t\t\t\t<div class=\"elementor-column elementor-col-50 elementor-inner-column elementor-element elementor-element-cd936a2\" data-id=\"cd936a2\" data-element_type=\"column\" data-e-type=\"column\">\n\t\t\t<div class=\"elementor-widget-wrap elementor-element-populated\">\n\t\t\t\t\t\t<div class=\"elementor-element elementor-element-ae40335 elementor-widget elementor-widget-text-editor\" data-id=\"ae40335\" data-element_type=\"widget\" data-e-type=\"widget\" data-widget_type=\"text-editor.default\">\n\t\t\t\t<div class=\"elementor-widget-container\">\n\t\t\t\t\t\t\t\t\t<p>Tied\u00e4tk\u00f6 miten voit auttaa opiskelijoitasi j\u00e4tt\u00e4m\u00e4\u00e4n menneisyytens\u00e4 taksensa ja investoimaan heid\u00e4n tulevaisuuteensa? Oletko sit\u00e4 mielt\u00e4 ett\u00e4 opetushenkil\u00f6kunta osaa tunnistaa ne opiskelijat jotka ovat vaarassa keskeytt\u00e4m\u00e4\u00e4n opiskelunsa? \u00a0Erasmus+ hankeen &#8220;J\u00e4t\u00e4 menneisyytesi taaksesi \u2013 Investoi tulevaisuutesi\u201d tavoitteena on muutta opetustapoja holistisimmiksi!<\/p>\n<p>&nbsp;<\/p>\n<p>Parantamalla opiskelijoiden avaintaitoja tavalla joka tukee heit\u00e4 tavoitteiden asettelussa, tulevaisuuteensa investoinnilla ja muttaa tapaa jolla he ajattelevat osaamistaan voi kannustaa heit\u00e4 j\u00e4tt\u00e4m\u00e4\u00e4n menneisyytens\u00e4 taaksensa sek\u00e4 ottamaan vastuun omasta oppimisesta ja kehitt\u00e4 piilevi\u00e4 taitoja jotka auttavat heit\u00e4 menestym\u00e4\u00e4n (ty\u00f6)el\u00e4m\u00e4ss\u00e4\u00e4n<\/p>\n\t\t\t\t\t\t\t\t<\/div>\n\t\t\t\t<\/div>\n\t\t\t\t\t<\/div>\n\t\t<\/div>\n\t\t\t\t\t<\/div>\n\t\t<\/section>\n\t\t\t\t<div class=\"elementor-element elementor-element-36ba0a7 elementor-widget elementor-widget-spacer\" data-id=\"36ba0a7\" data-element_type=\"widget\" data-e-type=\"widget\" data-widget_type=\"spacer.default\">\n\t\t\t\t<div class=\"elementor-widget-container\">\n\t\t\t\t\t\t\t<div class=\"elementor-spacer\">\n\t\t\t<div class=\"elementor-spacer-inner\"><\/div>\n\t\t<\/div>\n\t\t\t\t\t\t<\/div>\n\t\t\t\t<\/div>\n\t\t\t\t\t<\/div>\n\t\t<\/div>\n\t\t\t\t\t<\/div>\n\t\t<\/section>\n\t\t\t\t<section class=\"elementor-section elementor-top-section elementor-element elementor-element-028bc1c elementor-section-boxed elementor-section-height-default elementor-section-height-default\" data-id=\"028bc1c\" data-element_type=\"section\" data-e-type=\"section\" data-settings=\"{&quot;background_background&quot;:&quot;classic&quot;}\">\n\t\t\t\t\t\t<div class=\"elementor-container elementor-column-gap-default\">\n\t\t\t\t\t<div class=\"elementor-column elementor-col-100 elementor-top-column elementor-element elementor-element-55a5f61\" data-id=\"55a5f61\" data-element_type=\"column\" data-e-type=\"column\">\n\t\t\t<div class=\"elementor-widget-wrap elementor-element-populated\">\n\t\t\t\t\t\t<div class=\"elementor-element elementor-element-dd8cc91 elementor-widget elementor-widget-spacer\" data-id=\"dd8cc91\" data-element_type=\"widget\" data-e-type=\"widget\" data-widget_type=\"spacer.default\">\n\t\t\t\t<div class=\"elementor-widget-container\">\n\t\t\t\t\t\t\t<div class=\"elementor-spacer\">\n\t\t\t<div class=\"elementor-spacer-inner\"><\/div>\n\t\t<\/div>\n\t\t\t\t\t\t<\/div>\n\t\t\t\t<\/div>\n\t\t\t\t<div class=\"elementor-element elementor-element-ae87384 elementor-widget elementor-widget-text-editor\" data-id=\"ae87384\" data-element_type=\"widget\" data-e-type=\"widget\" data-widget_type=\"text-editor.default\">\n\t\t\t\t<div class=\"elementor-widget-container\">\n\t\t\t\t\t\t\t\t\t<h2 style=\"text-align: center;\"><strong>Vaikuttavuus<\/strong><\/h2>\n\t\t\t\t\t\t\t\t<\/div>\n\t\t\t\t<\/div>\n\t\t\t\t<div class=\"elementor-element elementor-element-7023dc1 elementor-widget elementor-widget-text-editor\" data-id=\"7023dc1\" data-element_type=\"widget\" data-e-type=\"widget\" data-widget_type=\"text-editor.default\">\n\t\t\t\t<div class=\"elementor-widget-container\">\n\t\t\t\t\t\t\t\t\t<p>Tulemme saavuttamaan haluamamme vaikuttavuudet inventoimalla, analysoimalla ja kehitt\u00e4m\u00e4ll\u00e4 menetelmi\u00e4 jotka mahdollistavat opettajia, ohjaajia ja opiskelijoita:<\/p>\n<ul>\n<li>tunnustamaan, tunnistamaan ja ymm\u00e4rt\u00e4m\u00e4\u00e4n niit\u00e4 opiskelijoiden jotka ovat vaarassa tai jotka ovat jo keskeytt\u00e4neet ammatilliset opiskelunsa;<\/li>\n<li>antaa oikeanlaista tukea niille opiskelijoille jotka kantavat kielteisi\u00e4 kokemuksi\u00e4 opetukseen liittyen ja muuttaa t\u00e4m\u00e4n my\u00f6nteiseksi;<\/li>\n<li>n\u00e4hd\u00e4, huomioida ja kannustaa opiskelijoiden piilevi\u00e4 taitoja ja auttaa tukemeen n\u00e4itten taitojen jatkokehityst\u00e4;<\/li>\n<li>tunnustaa ja palkita my\u00f6nteist\u00e4 kehityst\u00e4\/k\u00e4yt\u00f6st\u00e4 tavalla joka kannustaa opiskelijoita jatkaamaan t\u00e4t\u00e4 k\u00e4yt\u00f6st\u00e4;<\/li>\n<li>kannustaa opiskelijoita my\u00f6nteisell\u00e4 ryhm\u00e4panostuksella ja yhteisty\u00f6oppimisella;<\/li>\n<li>lis\u00e4t\u00e4 opiskelijoiden tietoutta siit\u00e4 ett\u00e4 h\u00e4n on itse vastuussa omasta panostuksestaan ja tulevaisuudestaan;<\/li>\n<li>laatia turvallinen oppimisymp\u00e4rist\u00f6 miss\u00e4 opiskelija uskaltaa ep\u00e4onnistua samalla kun h\u00e4n oppii virheist\u00e4\u00e4n;<\/li>\n<li>auttaa opiskelijoita paremmin kertomaan ja kuvaamaan niit\u00e4 esteit\u00e4 joihin h\u00e4n t\u00f6rm\u00e4\u00e4 jotta opettaja voi toimia enneltaehk\u00e4\u00e4v\u00e4sti niin ett\u00e4 opiskelija voi saavuttaa tutkinnon.<\/li>\n<\/ul>\n<p>Tavoitteemme on tukea paikallisten, kansallisten ja euroopan tasolla sijaitseville koulutusj\u00e4rjest\u00e4jien mahdollisuudet kriittisesi arvioida miten auttaa ja tukea ammatillisen kolutuksen opiskelijoita j\u00e4tt\u00e4m\u00e4\u00e4n menneisyytens\u00e4 taaksensa ja investoimaan tulevaisuuteensa panostamalla avaintaitoihinsa<\/p>\n\t\t\t\t\t\t\t\t<\/div>\n\t\t\t\t<\/div>\n\t\t\t\t<div class=\"elementor-element elementor-element-7936def elementor-widget elementor-widget-spacer\" data-id=\"7936def\" data-element_type=\"widget\" data-e-type=\"widget\" data-widget_type=\"spacer.default\">\n\t\t\t\t<div class=\"elementor-widget-container\">\n\t\t\t\t\t\t\t<div class=\"elementor-spacer\">\n\t\t\t<div class=\"elementor-spacer-inner\"><\/div>\n\t\t<\/div>\n\t\t\t\t\t\t<\/div>\n\t\t\t\t<\/div>\n\t\t\t\t\t<\/div>\n\t\t<\/div>\n\t\t\t\t\t<\/div>\n\t\t<\/section>\n\t\t\t\t<section class=\"elementor-section elementor-top-section elementor-element elementor-element-c44a2d9 elementor-section-boxed elementor-section-height-default elementor-section-height-default\" data-id=\"c44a2d9\" data-element_type=\"section\" data-e-type=\"section\">\n\t\t\t\t\t\t<div class=\"elementor-container elementor-column-gap-default\">\n\t\t\t\t\t<div class=\"elementor-column elementor-col-100 elementor-top-column elementor-element elementor-element-e47dc0a\" data-id=\"e47dc0a\" data-element_type=\"column\" data-e-type=\"column\">\n\t\t\t<div class=\"elementor-widget-wrap elementor-element-populated\">\n\t\t\t\t\t\t<div class=\"elementor-element elementor-element-3a62ae3 elementor-widget elementor-widget-spacer\" data-id=\"3a62ae3\" data-element_type=\"widget\" data-e-type=\"widget\" data-widget_type=\"spacer.default\">\n\t\t\t\t<div class=\"elementor-widget-container\">\n\t\t\t\t\t\t\t<div class=\"elementor-spacer\">\n\t\t\t<div class=\"elementor-spacer-inner\"><\/div>\n\t\t<\/div>\n\t\t\t\t\t\t<\/div>\n\t\t\t\t<\/div>\n\t\t\t\t<div class=\"elementor-element elementor-element-3a5703c elementor-widget elementor-widget-text-editor\" data-id=\"3a5703c\" data-element_type=\"widget\" data-e-type=\"widget\" data-widget_type=\"text-editor.default\">\n\t\t\t\t<div class=\"elementor-widget-container\">\n\t\t\t\t\t\t\t\t\t<h2 style=\"text-align: center;\"><strong>Kohderyhm\u00e4t<\/strong><\/h2>\n\t\t\t\t\t\t\t\t<\/div>\n\t\t\t\t<\/div>\n\t\t\t\t<section class=\"elementor-section elementor-inner-section elementor-element elementor-element-f971e92 elementor-section-content-middle elementor-section-boxed elementor-section-height-default elementor-section-height-default\" data-id=\"f971e92\" data-element_type=\"section\" data-e-type=\"section\">\n\t\t\t\t\t\t<div class=\"elementor-container elementor-column-gap-default\">\n\t\t\t\t\t<div class=\"elementor-column elementor-col-50 elementor-inner-column elementor-element elementor-element-fcf2499\" data-id=\"fcf2499\" data-element_type=\"column\" data-e-type=\"column\">\n\t\t\t<div class=\"elementor-widget-wrap elementor-element-populated\">\n\t\t\t\t\t\t<div class=\"elementor-element elementor-element-0edc380 elementor-widget elementor-widget-video\" data-id=\"0edc380\" data-element_type=\"widget\" data-e-type=\"widget\" data-settings=\"{&quot;video_type&quot;:&quot;hosted&quot;,&quot;autoplay&quot;:&quot;yes&quot;,&quot;play_on_mobile&quot;:&quot;yes&quot;,&quot;mute&quot;:&quot;yes&quot;,&quot;loop&quot;:&quot;yes&quot;}\" data-widget_type=\"video.default\">\n\t\t\t\t<div class=\"elementor-widget-container\">\n\t\t\t\t\t\t\t<div class=\"e-hosted-video elementor-wrapper elementor-open-inline\">\n\t\t\t\t\t<video class=\"elementor-video\" src=\"https:\/\/droppingthebaggage.eu\/wp-content\/uploads\/2021\/03\/about-impact.mp4\" autoplay=\"\" loop=\"\" muted=\"muted\" playsinline=\"\" controlsList=\"nodownload\" poster=\"https:\/\/droppingthebaggage.eu\/wp-content\/uploads\/2021\/03\/about-001.jpg\"><\/video>\n\t\t\t\t<\/div>\n\t\t\t\t\t\t<\/div>\n\t\t\t\t<\/div>\n\t\t\t\t\t<\/div>\n\t\t<\/div>\n\t\t\t\t<div class=\"elementor-column elementor-col-50 elementor-inner-column elementor-element elementor-element-ff6161f\" data-id=\"ff6161f\" data-element_type=\"column\" data-e-type=\"column\">\n\t\t\t<div class=\"elementor-widget-wrap elementor-element-populated\">\n\t\t\t\t\t\t<div class=\"elementor-element elementor-element-83e729d elementor-widget elementor-widget-text-editor\" data-id=\"83e729d\" data-element_type=\"widget\" data-e-type=\"widget\" data-widget_type=\"text-editor.default\">\n\t\t\t\t<div class=\"elementor-widget-container\">\n\t\t\t\t\t\t\t\t\t<ul>\n<li>opiskelijat<\/li>\n<li>ammatillisen koulutuksen j\u00e4rjest\u00e4j\u00e4t<\/li>\n<li>ammatillisen koulutuksen opettajat<\/li>\n<li>ohjaajat<\/li>\n<li>ty\u00f6ohjaajat<\/li>\n<li>nuorisoty\u00f6ntekij\u00e4t<\/li>\n<li>ammatillisen koulutuksen opiskelijoiden opetukseen osallistuvat toimijat<\/li>\n<\/ul>\n\t\t\t\t\t\t\t\t<\/div>\n\t\t\t\t<\/div>\n\t\t\t\t\t<\/div>\n\t\t<\/div>\n\t\t\t\t\t<\/div>\n\t\t<\/section>\n\t\t\t\t<div class=\"elementor-element elementor-element-27ae66c elementor-widget elementor-widget-spacer\" data-id=\"27ae66c\" data-element_type=\"widget\" data-e-type=\"widget\" data-widget_type=\"spacer.default\">\n\t\t\t\t<div class=\"elementor-widget-container\">\n\t\t\t\t\t\t\t<div class=\"elementor-spacer\">\n\t\t\t<div class=\"elementor-spacer-inner\"><\/div>\n\t\t<\/div>\n\t\t\t\t\t\t<\/div>\n\t\t\t\t<\/div>\n\t\t\t\t\t<\/div>\n\t\t<\/div>\n\t\t\t\t\t<\/div>\n\t\t<\/section>\n\t\t\t\t<section class=\"elementor-section elementor-top-section elementor-element elementor-element-f067d97 elementor-section-boxed elementor-section-height-default elementor-section-height-default\" data-id=\"f067d97\" data-element_type=\"section\" data-e-type=\"section\">\n\t\t\t\t\t\t<div class=\"elementor-container elementor-column-gap-default\">\n\t\t\t\t\t<div class=\"elementor-column elementor-col-100 elementor-top-column elementor-element elementor-element-f9f65b0\" data-id=\"f9f65b0\" data-element_type=\"column\" data-e-type=\"column\">\n\t\t\t<div class=\"elementor-widget-wrap elementor-element-populated\">\n\t\t\t\t\t\t<div class=\"elementor-element elementor-element-98fb8f2 elementor-widget elementor-widget-spacer\" data-id=\"98fb8f2\" data-element_type=\"widget\" data-e-type=\"widget\" data-widget_type=\"spacer.default\">\n\t\t\t\t<div class=\"elementor-widget-container\">\n\t\t\t\t\t\t\t<div class=\"elementor-spacer\">\n\t\t\t<div class=\"elementor-spacer-inner\"><\/div>\n\t\t<\/div>\n\t\t\t\t\t\t<\/div>\n\t\t\t\t<\/div>\n\t\t\t\t<div class=\"elementor-element elementor-element-4ef98a5 elementor-widget elementor-widget-text-editor\" data-id=\"4ef98a5\" data-element_type=\"widget\" data-e-type=\"widget\" data-widget_type=\"text-editor.default\">\n\t\t\t\t<div class=\"elementor-widget-container\">\n\t\t\t\t\t\t\t\t\t<h2 style=\"text-align: center;\"><strong>Tavoitteet<\/strong><\/h2>\n\t\t\t\t\t\t\t\t<\/div>\n\t\t\t\t<\/div>\n\t\t\t\t<section class=\"elementor-section elementor-inner-section elementor-element elementor-element-0cf363b elementor-section-content-middle elementor-section-boxed elementor-section-height-default elementor-section-height-default\" data-id=\"0cf363b\" data-element_type=\"section\" data-e-type=\"section\">\n\t\t\t\t\t\t<div class=\"elementor-container elementor-column-gap-default\">\n\t\t\t\t\t<div class=\"elementor-column elementor-col-33 elementor-inner-column elementor-element elementor-element-0798bc8\" data-id=\"0798bc8\" data-element_type=\"column\" data-e-type=\"column\">\n\t\t\t<div class=\"elementor-widget-wrap elementor-element-populated\">\n\t\t\t\t\t\t<div class=\"elementor-element elementor-element-3265c2b elementor-widget elementor-widget-text-editor\" data-id=\"3265c2b\" data-element_type=\"widget\" data-e-type=\"widget\" data-widget_type=\"text-editor.default\">\n\t\t\t\t<div class=\"elementor-widget-container\">\n\t\t\t\t\t\t\t\t\t<p>\u2022 Kehitt\u00e4\u00e4 innovaatiivis\u00e4 ty\u00f6kaluja jotka auttavat opettajia tukemaan opiskelijoita j\u00e4tt\u00e4m\u00e4\u00e4n menneisyytens\u00e4 taaksensa, ottamaan vastuun oppimisestaan ja kehitt\u00e4m\u00e4\u00e4n piilevi\u00e4 taitoja<\/p>\n\t\t\t\t\t\t\t\t<\/div>\n\t\t\t\t<\/div>\n\t\t\t\t\t<\/div>\n\t\t<\/div>\n\t\t\t\t<div class=\"elementor-column elementor-col-33 elementor-inner-column elementor-element elementor-element-461dec8\" data-id=\"461dec8\" data-element_type=\"column\" data-e-type=\"column\">\n\t\t\t<div class=\"elementor-widget-wrap elementor-element-populated\">\n\t\t\t\t\t\t<div class=\"elementor-element elementor-element-3378b3b elementor-widget elementor-widget-text-editor\" data-id=\"3378b3b\" data-element_type=\"widget\" data-e-type=\"widget\" data-widget_type=\"text-editor.default\">\n\t\t\t\t<div class=\"elementor-widget-container\">\n\t\t\t\t\t\t\t\t\t<p>\u2022 Kehitt\u00e4\u00e4 innovaatiivis\u00e4 ty\u00f6kaluja jotka auttavat opettajia tukemaan opiskelijoita j\u00e4tt\u00e4m\u00e4\u00e4n menneisyytens\u00e4 taaksensa, ottamaan vastuun oppimisestaan ja kehitt\u00e4m\u00e4\u00e4n piilevi\u00e4 taitoja<\/p>\n\t\t\t\t\t\t\t\t<\/div>\n\t\t\t\t<\/div>\n\t\t\t\t\t<\/div>\n\t\t<\/div>\n\t\t\t\t<div class=\"elementor-column elementor-col-33 elementor-inner-column elementor-element elementor-element-bec9023\" data-id=\"bec9023\" data-element_type=\"column\" data-e-type=\"column\">\n\t\t\t<div class=\"elementor-widget-wrap elementor-element-populated\">\n\t\t\t\t\t\t<div class=\"elementor-element elementor-element-dcfdd0a elementor-widget elementor-widget-text-editor\" data-id=\"dcfdd0a\" data-element_type=\"widget\" data-e-type=\"widget\" data-widget_type=\"text-editor.default\">\n\t\t\t\t<div class=\"elementor-widget-container\">\n\t\t\t\t\t\t\t\t\t<ul>\n<li>Jalkauttaa holistisempi n\u00e4kemys oppimiseesn ja t\u00e4ten huomida sosiaaliset yht\u00e4l\u00f6t ja ongelmat jotka opiskelija kohtaa opiskelunsa aikana kun laaditaan opiskelijalle h\u00e4nen henkil\u00f6kohtainen osaamisen kehitt\u00e4missuunnitelma ja h\u00e4nen opiskelutavoitteita.<\/li>\n<\/ul>\n\t\t\t\t\t\t\t\t<\/div>\n\t\t\t\t<\/div>\n\t\t\t\t\t<\/div>\n\t\t<\/div>\n\t\t\t\t\t<\/div>\n\t\t<\/section>\n\t\t\t\t<div class=\"elementor-element elementor-element-d24b95c elementor-widget elementor-widget-spacer\" data-id=\"d24b95c\" data-element_type=\"widget\" data-e-type=\"widget\" data-widget_type=\"spacer.default\">\n\t\t\t\t<div class=\"elementor-widget-container\">\n\t\t\t\t\t\t\t<div class=\"elementor-spacer\">\n\t\t\t<div class=\"elementor-spacer-inner\"><\/div>\n\t\t<\/div>\n\t\t\t\t\t\t<\/div>\n\t\t\t\t<\/div>\n\t\t\t\t\t<\/div>\n\t\t<\/div>\n\t\t\t\t\t<\/div>\n\t\t<\/section>\n\t\t\t\t<\/div>\n\t\t","protected":false},"excerpt":{"rendered":"<p>J\u00e4t\u00e4 menneisyytesi taaksesi\u2013 Investoi tulevaisuutesi https:\/\/droppingthebaggage.eu\/wp-content\/uploads\/2021\/03\/about-banner-1.mp4 Tied\u00e4tk\u00f6 miten voit auttaa opiskelijoitasi j\u00e4tt\u00e4m\u00e4\u00e4n menneisyytens\u00e4 taksensa ja investoimaan heid\u00e4n tulevaisuuteensa? Oletko sit\u00e4 mielt\u00e4 ett\u00e4 opetushenkil\u00f6kunta osaa tunnistaa ne opiskelijat jotka ovat vaarassa keskeytt\u00e4m\u00e4\u00e4n opiskelunsa? \u00a0Erasmus+ hankeen &#8220;J\u00e4t\u00e4 menneisyytesi taaksesi \u2013 Investoi tulevaisuutesi\u201d tavoitteena on muutta opetustapoja holistisimmiksi! &nbsp; Parantamalla opiskelijoiden avaintaitoja tavalla joka tukee heit\u00e4 tavoitteiden asettelussa, [&hellip;]<\/p>\n","protected":false},"author":1,"featured_media":1394,"parent":0,"menu_order":0,"comment_status":"closed","ping_status":"closed","template":"","meta":{"site-sidebar-layout":"no-sidebar","site-content-layout":"page-builder","ast-site-content-layout":"default","site-content-style":"default","site-sidebar-style":"default","ast-global-header-display":"","ast-banner-title-visibility":"","ast-main-header-display":"","ast-hfb-above-header-display":"","ast-hfb-below-header-display":"","ast-hfb-mobile-header-display":"","site-post-title":"disabled","ast-breadcrumbs-content":"","ast-featured-img":"disabled","footer-sml-layout":"","ast-disable-related-posts":"","theme-transparent-header-meta":"default","adv-header-id-meta":"","stick-header-meta":"default","header-above-stick-meta":"","header-main-stick-meta":"","header-below-stick-meta":"","astra-migrate-meta-layouts":"default","ast-page-background-enabled":"default","ast-page-background-meta":{"desktop":{"background-color":"","background-image":"","background-repeat":"repeat","background-position":"center center","background-size":"auto","background-attachment":"scroll","background-type":"","background-media":"","overlay-type":"","overlay-color":"","overlay-opacity":"","overlay-gradient":""},"tablet":{"background-color":"","background-image":"","background-repeat":"repeat","background-position":"center center","background-size":"auto","background-attachment":"scroll","background-type":"","background-media":"","overlay-type":"","overlay-color":"","overlay-opacity":"","overlay-gradient":""},"mobile":{"background-color":"","background-image":"","background-repeat":"repeat","background-position":"center center","background-size":"auto","background-attachment":"scroll","background-type":"","background-media":"","overlay-type":"","overlay-color":"","overlay-opacity":"","overlay-gradient":""}},"ast-content-background-meta":{"desktop":{"background-color":"var(--ast-global-color-5)","background-image":"","background-repeat":"repeat","background-position":"center center","background-size":"auto","background-attachment":"scroll","background-type":"","background-media":"","overlay-type":"","overlay-color":"","overlay-opacity":"","overlay-gradient":""},"tablet":{"background-color":"var(--ast-global-color-5)","background-image":"","background-repeat":"repeat","background-position":"center center","background-size":"auto","background-attachment":"scroll","background-type":"","background-media":"","overlay-type":"","overlay-color":"","overlay-opacity":"","overlay-gradient":""},"mobile":{"background-color":"var(--ast-global-color-5)","background-image":"","background-repeat":"repeat","background-position":"center center","background-size":"auto","background-attachment":"scroll","background-type":"","background-media":"","overlay-type":"","overlay-color":"","overlay-opacity":"","overlay-gradient":""}},"footnotes":""},"class_list":["post-1613","page","type-page","status-publish","has-post-thumbnail","hentry"],"_links":{"self":[{"href":"https:\/\/droppingthebaggage.eu\/fi\/wp-json\/wp\/v2\/pages\/1613","targetHints":{"allow":["GET"]}}],"collection":[{"href":"https:\/\/droppingthebaggage.eu\/fi\/wp-json\/wp\/v2\/pages"}],"about":[{"href":"https:\/\/droppingthebaggage.eu\/fi\/wp-json\/wp\/v2\/types\/page"}],"author":[{"embeddable":true,"href":"https:\/\/droppingthebaggage.eu\/fi\/wp-json\/wp\/v2\/users\/1"}],"replies":[{"embeddable":true,"href":"https:\/\/droppingthebaggage.eu\/fi\/wp-json\/wp\/v2\/comments?post=1613"}],"version-history":[{"count":0,"href":"https:\/\/droppingthebaggage.eu\/fi\/wp-json\/wp\/v2\/pages\/1613\/revisions"}],"wp:featuredmedia":[{"embeddable":true,"href":"https:\/\/droppingthebaggage.eu\/fi\/wp-json\/wp\/v2\/media\/1394"}],"wp:attachment":[{"href":"https:\/\/droppingthebaggage.eu\/fi\/wp-json\/wp\/v2\/media?parent=1613"}],"curies":[{"name":"wp","href":"https:\/\/api.w.org\/{rel}","templated":true}]}}