{"id":1579,"date":"2021-04-12T12:21:42","date_gmt":"2021-04-12T12:21:42","guid":{"rendered":"https:\/\/droppingthebaggage.eu\/contact\/"},"modified":"2023-03-03T08:51:17","modified_gmt":"2023-03-03T08:51:17","slug":"contact","status":"publish","type":"page","link":"https:\/\/droppingthebaggage.eu\/pt-pt\/contact\/","title":{"rendered":"contact"},"content":{"rendered":"\t\t<div data-elementor-type=\"wp-page\" data-elementor-id=\"1579\" class=\"elementor elementor-1579 elementor-746\" data-elementor-post-type=\"page\">\n\t\t\t\t\t\t<section class=\"elementor-section elementor-top-section elementor-element elementor-element-d71fb32 elementor-section-boxed elementor-section-height-default elementor-section-height-default\" data-id=\"d71fb32\" data-element_type=\"section\">\n\t\t\t\t\t\t<div class=\"elementor-container elementor-column-gap-default\">\n\t\t\t\t\t<div class=\"elementor-column elementor-col-100 elementor-top-column elementor-element elementor-element-7fa51912\" data-id=\"7fa51912\" data-element_type=\"column\">\n\t\t\t<div class=\"elementor-widget-wrap elementor-element-populated\">\n\t\t\t\t\t\t<div class=\"elementor-element elementor-element-24a3dd6d elementor-widget elementor-widget-spacer\" data-id=\"24a3dd6d\" data-element_type=\"widget\" data-widget_type=\"spacer.default\">\n\t\t\t\t<div class=\"elementor-widget-container\">\n\t\t\t\t\t\t\t<div class=\"elementor-spacer\">\n\t\t\t<div class=\"elementor-spacer-inner\"><\/div>\n\t\t<\/div>\n\t\t\t\t\t\t<\/div>\n\t\t\t\t<\/div>\n\t\t\t\t<div class=\"elementor-element elementor-element-405a9ac3 elementor-widget elementor-widget-text-editor\" data-id=\"405a9ac3\" data-element_type=\"widget\" data-widget_type=\"text-editor.default\">\n\t\t\t\t<div class=\"elementor-widget-container\">\n\t\t\t\t\t\t\t\t\t<h2 style=\"text-align: center;\">N\u00e3o hesite em contactar-nos!<\/h2>\n\t\t\t\t\t\t\t\t<\/div>\n\t\t\t\t<\/div>\n\t\t\t\t<section class=\"elementor-section elementor-inner-section elementor-element elementor-element-3a8794f5 elementor-section-content-middle elementor-section-boxed elementor-section-height-default elementor-section-height-default\" data-id=\"3a8794f5\" data-element_type=\"section\">\n\t\t\t\t\t\t<div class=\"elementor-container elementor-column-gap-extended\">\n\t\t\t\t\t<div class=\"elementor-column elementor-col-50 elementor-inner-column elementor-element elementor-element-5fd3d661\" data-id=\"5fd3d661\" data-element_type=\"column\">\n\t\t\t<div class=\"elementor-widget-wrap elementor-element-populated\">\n\t\t\t\t\t\t<div class=\"elementor-element elementor-element-43e5d06 elementor-button-align-stretch elementor-widget elementor-widget-form\" data-id=\"43e5d06\" data-element_type=\"widget\" data-settings=\"{&quot;step_next_label&quot;:&quot;Next&quot;,&quot;step_previous_label&quot;:&quot;Previous&quot;,&quot;button_width&quot;:&quot;100&quot;,&quot;step_type&quot;:&quot;number_text&quot;,&quot;step_icon_shape&quot;:&quot;circle&quot;}\" data-widget_type=\"form.default\">\n\t\t\t\t<div class=\"elementor-widget-container\">\n\t\t\t\t\t\t\t<form class=\"elementor-form\" method=\"post\" name=\"New Form\" aria-label=\"New Form\">\n\t\t\t<input type=\"hidden\" name=\"post_id\" value=\"1579\"\/>\n\t\t\t<input type=\"hidden\" name=\"form_id\" value=\"43e5d06\"\/>\n\t\t\t<input type=\"hidden\" name=\"referer_title\" value=\"contact - Dropping the Baggage\" \/>\n\n\t\t\t\t\t\t\t<input type=\"hidden\" name=\"queried_id\" value=\"1579\"\/>\n\t\t\t\n\t\t\t<div class=\"elementor-form-fields-wrapper elementor-labels-above\">\n\t\t\t\t\t\t\t\t<div class=\"elementor-field-type-text elementor-field-group elementor-column elementor-field-group-name elementor-col-50 elementor-field-required\">\n\t\t\t\t\t\t\t\t\t\t\t\t<label for=\"form-field-name\" class=\"elementor-field-label\">\n\t\t\t\t\t\t\t\tNome\t\t\t\t\t\t\t<\/label>\n\t\t\t\t\t\t\t\t\t\t\t\t\t\t<input size=\"1\" type=\"text\" name=\"form_fields[name]\" id=\"form-field-name\" class=\"elementor-field elementor-size-sm  elementor-field-textual\" placeholder=\"Nome\" required=\"required\">\n\t\t\t\t\t\t\t\t\t\t\t<\/div>\n\t\t\t\t\t\t\t\t<div class=\"elementor-field-type-email elementor-field-group elementor-column elementor-field-group-email elementor-col-50 elementor-field-required\">\n\t\t\t\t\t\t\t\t\t\t\t\t<label for=\"form-field-email\" class=\"elementor-field-label\">\n\t\t\t\t\t\t\t\tEmail\t\t\t\t\t\t\t<\/label>\n\t\t\t\t\t\t\t\t\t\t\t\t\t\t<input size=\"1\" type=\"email\" name=\"form_fields[email]\" id=\"form-field-email\" class=\"elementor-field elementor-size-sm  elementor-field-textual\" placeholder=\"Email\" required=\"required\">\n\t\t\t\t\t\t\t\t\t\t\t<\/div>\n\t\t\t\t\t\t\t\t<div class=\"elementor-field-type-textarea elementor-field-group elementor-column elementor-field-group-message elementor-col-100\">\n\t\t\t\t\t\t\t\t\t\t\t\t<label for=\"form-field-message\" class=\"elementor-field-label\">\n\t\t\t\t\t\t\t\tMensagem\t\t\t\t\t\t\t<\/label>\n\t\t\t\t\t\t<textarea class=\"elementor-field-textual elementor-field  elementor-size-sm\" name=\"form_fields[message]\" id=\"form-field-message\" rows=\"4\" placeholder=\"Mensagem\"><\/textarea>\t\t\t\t<\/div>\n\t\t\t\t<div class=\"elementor-field-type-text elementor-field-group elementor-column elementor-field-group-text elementor-col-100 elementor-field-required\"><input type=\"hidden\" name=\"php_start_time\" value=\"1777379647.8069\" \/><input type=\"hidden\" name=\"js_end_time\" class=\"js_end_time\" value=\"\" \/><input type=\"hidden\" name=\"js_start_time\" class=\"js_start_time\" value=\"\" \/><div class=\"f12-captcha template-2\">\r\n    <div class=\"c-header\">\r\n        <!-- Label korrekt mit `for` verkn\u00fcpfen -->\r\n        <div class=\"c-label\">\r\n            <label for=\"c_3968002689425c3bb769\">\r\n\t\t\t\tCaptcha            <\/label>\r\n        <\/div>\r\n\r\n        <!-- CAPTCHA-Daten mit Aria LIVE markieren -->\r\n        <div class=\"c-data\" aria-live=\"polite\" aria-atomic=\"true\" aria-describedby=\"captcha-instructions\">\r\n\t\t\t<span class=\"captcha-image\"><img decoding=\"async\" id=\"cpi_69f0a940869f25.49359240\" alt=\"captcha\" src=\"data:image\/png;base64,iVBORw0KGgoAAAANSUhEUgAAAH0AAAAeCAMAAAA2PuHjAAAA7VBMVEX\/\/\/\/IyMjx8fHq6ur4+Pjj4+POzs7c3NzV1dVFZ4mGl6iWo7DJzdF9kqh2i6Dn7PC3u8C5xtLQ2eFxi6RzjaZVc5Bcepenr7iis8Rlf5hshp+KoLXb3+TIyMjf4+ZFZ4m2vseer8BXdZO0wc5XdJKltMOrtLzGztdpgpxZd5VwiaO8wcW7xMzV2d3IyMhFZ4lYdpTP09eap7RqhJ1Wc5GbrL2fq7ixucKJmqt4jaJ7kKXDx8vIyMjf39\/Nzc1FZ4mQobKntMFngJqsuMWUpbaInbJuh6GFmrDIyMhFZ4mjsLzIyMhFZ4nL09zAydG8ryTRAAAACXBIWXMAAA7EAAAOxAGVKw4bAAADt0lEQVRIie2XaXvcNBDH5UuSvamv+Izxo5aWJk1bqeRoCDUICi0xNnz\/j8NI8u46NDzBZl8yLzbxRprf\/DWHFYT+t\/9gtkcO7tJxpt\/cx5aSDh8A6M44jmV5xnX7oLB5SLj7YolrL2TbljWTgKcHt23pbgXGmFJKyA8\/dnS2s+uc\/QPBEIo9DI+e2N+MWNZOA0g3Hknb7mJy+NasOdDuuplSfAeBuZgupSO6RSrpRhxIb9sZ3QZzHAL0\/Tk5XTdzoulrzMWWZUIG6UbO05i27VaGE5fPU7MS8N52m3ev6FbT96mnk\/RnLAD1OpA0ad4JZZpPrLjbBnWT\/3SPrtLn2kvLDswLNkdISzeuv2YnqG1VOipNrptMiEitqGWwLZJb+fMXdDrAZ7QU\/8QPHZV14\/k5YwzhVp1xKorkW84RakSlwixlPol3cznXeaujIgNF6dgspEe+H9uelp6k6EV9wiKqGz4SAhFFT4XySflHuTHZOZXhvL77Xi33BoySMVkq\/tgPLD1oMj\/7hr2sWEJMwxciIkY7+PQ4\/0XWptF+lRez\/WlfG\/qwlKx3+7kuPYCDdC9ljWcaHqiExxdn4oxSzLmHClnqsC7lh9n+pA8V3YFxk67AF34J0hX8lL1EEcsc0\/CVyC5zVXl5GHMO3ESGauREsvZm26te5x2G3R+L0662+7XlKDg6y8F5wWwoes+DfINdHV9fn4tXR5hjG8THWAWxmc1ZlPUbFYw7DNfL067rrjxR8FO2cbyjM1azjZ62QryP9VFnonIp524lAxg5n2Q8L7qij\/VRDMPncXHHgTW+r+DohAVhzpQF1FOnIG64piciQ67O\/Luuc6H45rv7\/k7T8TAWK+BQd\/4T9fOVJp+z7LVueCi77\/Z0xDlBlbzonspAf+lSrDog6nNDp+WYraFHfq79NVmTwNmxwjQ8QG+57vxCzRtVeJH83AUy1n91N+Fbtaiv73QZ0GCs1tATP5y\/NTJ2ZBo+ElecwLQXooiQrU4exN\/U+fSu\/dirGQ0lf6fLgNTjmo6Dog\/m9Ia9md7wMOb1sG8ieBtC1alu+w0qz8zZy17V\/nk\/TUBvvFoDh1YvrdljmrzFxiG8YMSL799\/IAQqnmvFjZRvpn571uebMux7bDrgz7FeRS\/8rx6+lyRBubvcUCM4qvbJPe6V\/T7tvR6Dxbcb5dD\/x05xXdfcbewHHSfZ8addrs\/Hcg0djnrNrvsWRWM+rLhfHMSScRzDxbfaQ1k1jnV88P9v\/rWR19h7fBXYX+NBYmujtS+3AAAAAElFTkSuQmCC\"\/><\/span>        <\/div>\r\n\r\n        <!-- CAPTCHA Reload mit Tastenzug\u00e4nglichkeit -->\r\n        <div class=\"c-reload\" role=\"button\" tabindex=\"0\" aria-label=\"Atualizar CAPTCHA\">\r\n\t\t\t<a href=\"javascript:void(0);\" class=\"cf7 captcha-reload\" title=\"Recarregar Captcha\"><img decoding=\"async\" style=\"margin-top:5px;\" src=\"https:\/\/droppingthebaggage.eu\/wp-content\/plugins\/captcha-for-contact-form-7\/core\/assets\/reload-icon.png\" alt=\"Recarregar\"\/><\/a>        <\/div>\r\n    <\/div>\r\n\r\n    <!-- Versteckte Eingabewerte -->\r\n    <input type=\"hidden\" id=\"hash_c_3968002689425c3bb769\"\r\n           name=\"f12_captcha_hash\"\r\n           value=\"$2y$10$VFl.rlChj2XYvXuDbtPTzuZGlLMliGfA7SWpsyLMGxqB9tMuw2LgK\"\/>\r\n\r\n    <!-- Eingabefeld mit Barrierefreiheitsattributen -->\r\n    <div class=\"\" >\r\n        <input class=\"f12c \"\r\n               data-method=\"image\"                type=\"text\"\r\n               id=\"c_3968002689425c3bb769\"\r\n               name=\"f12_captcha\"\r\n               placeholder=\"Captcha\"\r\n               value=\"\"\r\n               aria-required=\"true\"\r\n               aria-describedby=\"captcha-instructions\"\/>\r\n    <\/div>\r\n\r\n    <!-- Screenreader-Hinweise -->\r\n    <p id=\"captcha-instructions\" class=\"screen-reader-text\">\r\n\t\tPor favor, insira os caracteres mostrados no CAPTCHA para verificar que \u00e9 humano.    <\/p>\r\n<\/div><\/div>\t\t\t\t<div class=\"elementor-field-type-text\">\n\t\t\t\t\t<input size=\"1\" type=\"text\" name=\"form_fields[field_2ce8b12]\" id=\"form-field-field_2ce8b12\" class=\"elementor-field elementor-size-sm \" style=\"display:none !important;\">\t\t\t\t<\/div>\n\t\t\t\t\t\t\t\t<div class=\"elementor-field-group elementor-column elementor-field-type-submit elementor-col-100 e-form__buttons\">\n\t\t\t\t\t<button class=\"elementor-button elementor-size-sm\" type=\"submit\">\n\t\t\t\t\t\t<span class=\"elementor-button-content-wrapper\">\n\t\t\t\t\t\t\t\t\t\t\t\t\t\t\t\t\t\t\t\t\t\t<span class=\"elementor-button-text\">Enviar<\/span>\n\t\t\t\t\t\t\t\t\t\t\t\t\t<\/span>\n\t\t\t\t\t<\/button>\n\t\t\t\t<\/div>\n\t\t\t<\/div>\n\t\t<\/form>\n\t\t\t\t\t\t<\/div>\n\t\t\t\t<\/div>\n\t\t\t\t\t<\/div>\n\t\t<\/div>\n\t\t\t\t<div class=\"elementor-column elementor-col-50 elementor-inner-column elementor-element elementor-element-7a3e0b79\" data-id=\"7a3e0b79\" data-element_type=\"column\">\n\t\t\t<div class=\"elementor-widget-wrap elementor-element-populated\">\n\t\t\t\t\t\t<div class=\"elementor-element elementor-element-3cd05351 elementor-widget elementor-widget-video\" data-id=\"3cd05351\" data-element_type=\"widget\" data-settings=\"{&quot;video_type&quot;:&quot;hosted&quot;,&quot;autoplay&quot;:&quot;yes&quot;,&quot;play_on_mobile&quot;:&quot;yes&quot;,&quot;mute&quot;:&quot;yes&quot;,&quot;loop&quot;:&quot;yes&quot;}\" data-widget_type=\"video.default\">\n\t\t\t\t<div class=\"elementor-widget-container\">\n\t\t\t\t\t\t\t<div class=\"e-hosted-video elementor-wrapper elementor-open-inline\">\n\t\t\t\t\t<video class=\"elementor-video\" src=\"https:\/\/droppingthebaggage.eu\/wp-content\/uploads\/2021\/03\/Contact-1.m4v\" autoplay=\"\" loop=\"\" muted=\"muted\" playsinline=\"\" controlsList=\"nodownload\" poster=\"https:\/\/droppingthebaggage.eu\/wp-content\/uploads\/2021\/03\/contact001.jpg\"><\/video>\n\t\t\t\t<\/div>\n\t\t\t\t\t\t<\/div>\n\t\t\t\t<\/div>\n\t\t\t\t\t<\/div>\n\t\t<\/div>\n\t\t\t\t\t<\/div>\n\t\t<\/section>\n\t\t\t\t<div class=\"elementor-element elementor-element-1fe0d2f8 elementor-widget elementor-widget-spacer\" data-id=\"1fe0d2f8\" data-element_type=\"widget\" data-widget_type=\"spacer.default\">\n\t\t\t\t<div class=\"elementor-widget-container\">\n\t\t\t\t\t\t\t<div class=\"elementor-spacer\">\n\t\t\t<div class=\"elementor-spacer-inner\"><\/div>\n\t\t<\/div>\n\t\t\t\t\t\t<\/div>\n\t\t\t\t<\/div>\n\t\t\t\t<div class=\"elementor-element elementor-element-25355b4 elementor-widget elementor-widget-text-editor\" data-id=\"25355b4\" data-element_type=\"widget\" data-widget_type=\"text-editor.default\">\n\t\t\t\t<div class=\"elementor-widget-container\">\n\t\t\t\t\t\t\t\t\t<h2 style=\"text-align: center;\">e n\u00f3s entraremos em contacto consigo o mais r\u00e1pido poss\u00edvel!<\/h2>\n\t\t\t\t\t\t\t\t<\/div>\n\t\t\t\t<\/div>\n\t\t\t\t\t<\/div>\n\t\t<\/div>\n\t\t\t\t\t<\/div>\n\t\t<\/section>\n\t\t\t\t<\/div>\n\t\t","protected":false},"excerpt":{"rendered":"<p>N\u00e3o hesite em contactar-nos! https:\/\/droppingthebaggage.eu\/wp-content\/uploads\/2021\/03\/Contact-1.m4v e n\u00f3s entraremos em contacto consigo o mais r\u00e1pido poss\u00edvel!<\/p>\n","protected":false},"author":1,"featured_media":1439,"parent":0,"menu_order":0,"comment_status":"closed","ping_status":"closed","template":"","meta":{"site-sidebar-layout":"no-sidebar","site-content-layout":"page-builder","ast-site-content-layout":"default","site-content-style":"default","site-sidebar-style":"default","ast-global-header-display":"","ast-banner-title-visibility":"","ast-main-header-display":"","ast-hfb-above-header-display":"","ast-hfb-below-header-display":"","ast-hfb-mobile-header-display":"","site-post-title":"disabled","ast-breadcrumbs-content":"","ast-featured-img":"disabled","footer-sml-layout":"","ast-disable-related-posts":"","theme-transparent-header-meta":"default","adv-header-id-meta":"","stick-header-meta":"default","header-above-stick-meta":"","header-main-stick-meta":"","header-below-stick-meta":"","astra-migrate-meta-layouts":"default","ast-page-background-enabled":"default","ast-page-background-meta":{"desktop":{"background-color":"","background-image":"","background-repeat":"repeat","background-position":"center center","background-size":"auto","background-attachment":"scroll","background-type":"","background-media":"","overlay-type":"","overlay-color":"","overlay-opacity":"","overlay-gradient":""},"tablet":{"background-color":"","background-image":"","background-repeat":"repeat","background-position":"center center","background-size":"auto","background-attachment":"scroll","background-type":"","background-media":"","overlay-type":"","overlay-color":"","overlay-opacity":"","overlay-gradient":""},"mobile":{"background-color":"","background-image":"","background-repeat":"repeat","background-position":"center center","background-size":"auto","background-attachment":"scroll","background-type":"","background-media":"","overlay-type":"","overlay-color":"","overlay-opacity":"","overlay-gradient":""}},"ast-content-background-meta":{"desktop":{"background-color":"var(--ast-global-color-5)","background-image":"","background-repeat":"repeat","background-position":"center center","background-size":"auto","background-attachment":"scroll","background-type":"","background-media":"","overlay-type":"","overlay-color":"","overlay-opacity":"","overlay-gradient":""},"tablet":{"background-color":"var(--ast-global-color-5)","background-image":"","background-repeat":"repeat","background-position":"center center","background-size":"auto","background-attachment":"scroll","background-type":"","background-media":"","overlay-type":"","overlay-color":"","overlay-opacity":"","overlay-gradient":""},"mobile":{"background-color":"var(--ast-global-color-5)","background-image":"","background-repeat":"repeat","background-position":"center center","background-size":"auto","background-attachment":"scroll","background-type":"","background-media":"","overlay-type":"","overlay-color":"","overlay-opacity":"","overlay-gradient":""}},"footnotes":""},"class_list":["post-1579","page","type-page","status-publish","has-post-thumbnail","hentry"],"_links":{"self":[{"href":"https:\/\/droppingthebaggage.eu\/pt-pt\/wp-json\/wp\/v2\/pages\/1579","targetHints":{"allow":["GET"]}}],"collection":[{"href":"https:\/\/droppingthebaggage.eu\/pt-pt\/wp-json\/wp\/v2\/pages"}],"about":[{"href":"https:\/\/droppingthebaggage.eu\/pt-pt\/wp-json\/wp\/v2\/types\/page"}],"author":[{"embeddable":true,"href":"https:\/\/droppingthebaggage.eu\/pt-pt\/wp-json\/wp\/v2\/users\/1"}],"replies":[{"embeddable":true,"href":"https:\/\/droppingthebaggage.eu\/pt-pt\/wp-json\/wp\/v2\/comments?post=1579"}],"version-history":[{"count":4,"href":"https:\/\/droppingthebaggage.eu\/pt-pt\/wp-json\/wp\/v2\/pages\/1579\/revisions"}],"predecessor-version":[{"id":3487,"href":"https:\/\/droppingthebaggage.eu\/pt-pt\/wp-json\/wp\/v2\/pages\/1579\/revisions\/3487"}],"wp:featuredmedia":[{"embeddable":true,"href":"https:\/\/droppingthebaggage.eu\/pt-pt\/wp-json\/wp\/v2\/media\/1439"}],"wp:attachment":[{"href":"https:\/\/droppingthebaggage.eu\/pt-pt\/wp-json\/wp\/v2\/media?parent=1579"}],"curies":[{"name":"wp","href":"https:\/\/api.w.org\/{rel}","templated":true}]}}