{"id":1595,"date":"2021-04-12T12:47:04","date_gmt":"2021-04-12T12:47:04","guid":{"rendered":"https:\/\/droppingthebaggage.eu\/about\/"},"modified":"2021-04-12T12:47:05","modified_gmt":"2021-04-12T12:47:05","slug":"about","status":"publish","type":"page","link":"https:\/\/droppingthebaggage.eu\/sv\/about\/","title":{"rendered":"about"},"content":{"rendered":"\t\t<div data-elementor-type=\"wp-page\" data-elementor-id=\"1595\" class=\"elementor elementor-1595 elementor-668\" data-elementor-post-type=\"page\">\n\t\t\t\t\t\t<section class=\"elementor-section elementor-top-section elementor-element elementor-element-eab9c17 elementor-section-boxed elementor-section-height-default elementor-section-height-default\" data-id=\"eab9c17\" data-element_type=\"section\">\n\t\t\t\t\t\t<div class=\"elementor-container elementor-column-gap-default\">\n\t\t\t\t\t<div class=\"elementor-column elementor-col-100 elementor-top-column elementor-element elementor-element-52fa9f1\" data-id=\"52fa9f1\" data-element_type=\"column\">\n\t\t\t<div class=\"elementor-widget-wrap elementor-element-populated\">\n\t\t\t\t\t\t<div class=\"elementor-element elementor-element-69dc5ba elementor-widget elementor-widget-spacer\" data-id=\"69dc5ba\" data-element_type=\"widget\" data-widget_type=\"spacer.default\">\n\t\t\t\t<div class=\"elementor-widget-container\">\n\t\t\t\t\t\t\t<div class=\"elementor-spacer\">\n\t\t\t<div class=\"elementor-spacer-inner\"><\/div>\n\t\t<\/div>\n\t\t\t\t\t\t<\/div>\n\t\t\t\t<\/div>\n\t\t\t\t<div class=\"elementor-element elementor-element-3e967d2 elementor-widget elementor-widget-text-editor\" data-id=\"3e967d2\" data-element_type=\"widget\" data-widget_type=\"text-editor.default\">\n\t\t\t\t<div class=\"elementor-widget-container\">\n\t\t\t\t\t\t\t\t\t<h2><strong>\u201dTappa ditt Bagage \u2013 Investera i framtiden\u201d<\/strong><\/h2>\n\t\t\t\t\t\t\t\t<\/div>\n\t\t\t\t<\/div>\n\t\t\t\t<section class=\"elementor-section elementor-inner-section elementor-element elementor-element-2642f03 elementor-section-content-middle elementor-section-boxed elementor-section-height-default elementor-section-height-default\" data-id=\"2642f03\" data-element_type=\"section\">\n\t\t\t\t\t\t<div class=\"elementor-container elementor-column-gap-default\">\n\t\t\t\t\t<div class=\"elementor-column elementor-col-50 elementor-inner-column elementor-element elementor-element-ff21356\" data-id=\"ff21356\" data-element_type=\"column\">\n\t\t\t<div class=\"elementor-widget-wrap elementor-element-populated\">\n\t\t\t\t\t\t<div class=\"elementor-element elementor-element-bb6d991 elementor-widget elementor-widget-video\" data-id=\"bb6d991\" data-element_type=\"widget\" data-settings=\"{&quot;video_type&quot;:&quot;hosted&quot;,&quot;autoplay&quot;:&quot;yes&quot;,&quot;play_on_mobile&quot;:&quot;yes&quot;,&quot;mute&quot;:&quot;yes&quot;,&quot;loop&quot;:&quot;yes&quot;}\" data-widget_type=\"video.default\">\n\t\t\t\t<div class=\"elementor-widget-container\">\n\t\t\t\t\t\t\t<div class=\"e-hosted-video elementor-wrapper elementor-open-inline\">\n\t\t\t\t\t<video class=\"elementor-video\" src=\"https:\/\/droppingthebaggage.eu\/wp-content\/uploads\/2021\/03\/about-banner-1.mp4\" autoplay=\"\" loop=\"\" muted=\"muted\" playsinline=\"\" controlsList=\"nodownload\" poster=\"https:\/\/droppingthebaggage.eu\/wp-content\/uploads\/2021\/03\/about-002.jpg\"><\/video>\n\t\t\t\t<\/div>\n\t\t\t\t\t\t<\/div>\n\t\t\t\t<\/div>\n\t\t\t\t\t<\/div>\n\t\t<\/div>\n\t\t\t\t<div class=\"elementor-column elementor-col-50 elementor-inner-column elementor-element elementor-element-cd936a2\" data-id=\"cd936a2\" data-element_type=\"column\">\n\t\t\t<div class=\"elementor-widget-wrap elementor-element-populated\">\n\t\t\t\t\t\t<div class=\"elementor-element elementor-element-ae40335 elementor-widget elementor-widget-text-editor\" data-id=\"ae40335\" data-element_type=\"widget\" data-widget_type=\"text-editor.default\">\n\t\t\t\t<div class=\"elementor-widget-container\">\n\t\t\t\t\t\t\t\t\t<p>K\u00e4nner du till hur du kan hj\u00e4lpa dina studeranden att sl\u00e4ppa sitt bagage och investera i sin framtid? \u00c4r du av den \u00e5sikt att undervisningspersonal kan identifiera studeranden som riskerar att avbryta sina studiers inom yrkesutbildningen? Erasmus+ projektet &#8220;Tappa ditt bagage &#8211; Investera i framtiden\u201d har som m\u00e5l att \u00e4ndra s\u00e4ttet man ser p\u00e5 l\u00e4rande genom att implementera ett mer holistiskt syns\u00e4tt vad g\u00e4ller inl\u00e4rningsmetoderna!<\/p>\n<p>&nbsp;<\/p>\n<p>Att f\u00f6rst\u00e4rka studerandens nyckelkompetenser p\u00e5 ett s\u00e4tt som hj\u00e4lper dem att s\u00e4tta upp m\u00e5l, investera i sin framtid och t\u00e4nka om n\u00e4r det g\u00e4ller hur de ser p\u00e5 sig sj\u00e4lva kan uppmuntra studeranden att sl\u00e4ppa taget om sitt negativa bagage, ta ansvar f\u00f6r sitt l\u00e4rande och utveckla dolda styrkor som hj\u00e4lper dem att lyckas i arbetslivet och i livet i allm\u00e4nhet.<\/p>\n\t\t\t\t\t\t\t\t<\/div>\n\t\t\t\t<\/div>\n\t\t\t\t\t<\/div>\n\t\t<\/div>\n\t\t\t\t\t<\/div>\n\t\t<\/section>\n\t\t\t\t<div class=\"elementor-element elementor-element-36ba0a7 elementor-widget elementor-widget-spacer\" data-id=\"36ba0a7\" data-element_type=\"widget\" data-widget_type=\"spacer.default\">\n\t\t\t\t<div class=\"elementor-widget-container\">\n\t\t\t\t\t\t\t<div class=\"elementor-spacer\">\n\t\t\t<div class=\"elementor-spacer-inner\"><\/div>\n\t\t<\/div>\n\t\t\t\t\t\t<\/div>\n\t\t\t\t<\/div>\n\t\t\t\t\t<\/div>\n\t\t<\/div>\n\t\t\t\t\t<\/div>\n\t\t<\/section>\n\t\t\t\t<section class=\"elementor-section elementor-top-section elementor-element elementor-element-028bc1c elementor-section-boxed elementor-section-height-default elementor-section-height-default\" data-id=\"028bc1c\" data-element_type=\"section\" data-settings=\"{&quot;background_background&quot;:&quot;classic&quot;}\">\n\t\t\t\t\t\t<div class=\"elementor-container elementor-column-gap-default\">\n\t\t\t\t\t<div class=\"elementor-column elementor-col-100 elementor-top-column elementor-element elementor-element-55a5f61\" data-id=\"55a5f61\" data-element_type=\"column\">\n\t\t\t<div class=\"elementor-widget-wrap elementor-element-populated\">\n\t\t\t\t\t\t<div class=\"elementor-element elementor-element-dd8cc91 elementor-widget elementor-widget-spacer\" data-id=\"dd8cc91\" data-element_type=\"widget\" data-widget_type=\"spacer.default\">\n\t\t\t\t<div class=\"elementor-widget-container\">\n\t\t\t\t\t\t\t<div class=\"elementor-spacer\">\n\t\t\t<div class=\"elementor-spacer-inner\"><\/div>\n\t\t<\/div>\n\t\t\t\t\t\t<\/div>\n\t\t\t\t<\/div>\n\t\t\t\t<div class=\"elementor-element elementor-element-ae87384 elementor-widget elementor-widget-text-editor\" data-id=\"ae87384\" data-element_type=\"widget\" data-widget_type=\"text-editor.default\">\n\t\t\t\t<div class=\"elementor-widget-container\">\n\t\t\t\t\t\t\t\t\t<h2 style=\"text-align: center;\"><strong>Inverkan<\/strong><\/h2>\n\t\t\t\t\t\t\t\t<\/div>\n\t\t\t\t<\/div>\n\t\t\t\t<div class=\"elementor-element elementor-element-7023dc1 elementor-widget elementor-widget-text-editor\" data-id=\"7023dc1\" data-element_type=\"widget\" data-widget_type=\"text-editor.default\">\n\t\t\t\t<div class=\"elementor-widget-container\">\n\t\t\t\t\t\t\t\t\t<p>Vi kommer att n\u00e5 den inverkan vi str\u00e4var efter genom att\u00a0 inventera, analysera och utveckla metoder och verktyg som g\u00f6r det m\u00f6jligt f\u00f6r l\u00e4rare, mentorer, coacher och studeranden att:<\/p>\n<ul>\n<li>erk\u00e4nna, h\u00f6rsamma och f\u00f6rst\u00e5 (inl\u00e4rnings-) beteendet hos studeranden som riskerar att avbryta eller redan har avbrutit sin yrkesutbildning;<\/li>\n<li>ge studeranden som b\u00e4r p\u00e5 som b\u00e4r negativt bagage den uppm\u00e4rksamhet och det st\u00f6d de beh\u00f6ver f\u00f6r att omvandla det negativa till n\u00e5got positivt;<\/li>\n<li>se, uppt\u00e4cka och uppmuntra studerandens dolda talanger och hj\u00e4lpa till att utveckla dessa talanger ytterligare;<\/li>\n<li>identifiera och bel\u00f6na positiva prestationer\/beteenden p\u00e5 ett s\u00e4tt som motiverar studeranden att forts\u00e4tta detta positiva beteende<\/li>\n<li>uppmuntra studeranden via positivt grupptryck och samarbetsinl\u00e4rning;<\/li>\n<li>g\u00f6ra studeranden medvetna om att hen har ansvar f\u00f6r sitt eget engagemang, sina prestationer och sin framtid;<\/li>\n<li>skapa en trygg milj\u00f6 d\u00e4r studeranden v\u00e5gar misslyckas samtidigt som de l\u00e4r sig av sina misstag;<\/li>\n<li>hj\u00e4lpa studeranden att bli b\u00e4ttre p\u00e5 att muntligt beskriva de hinder de st\u00f6ter p\u00e5 s\u00e5 att l\u00e4raren kan vidta preventiva \u00e5tg\u00e4rder och p\u00e5 s\u00e5 s\u00e4tt hj\u00e4lpa studeranden att avl\u00e4gga en examen<\/li>\n<\/ul>\n<p>V\u00e5r m\u00e5ls\u00e4ttning \u00e4r att g\u00f6ra det m\u00f6jligt f\u00f6r utbildningsanordnare p\u00e5 lokal, regional, nationell och europeisk niv\u00e5 att kritiskt analysera hur man kan hj\u00e4lpa och st\u00f6da studeranden inom yrkesutbildningen att tappa sitt bagage och investera i sin framtid via f\u00f6rst\u00e4rkta nyckelkompetenser.<\/p>\n\t\t\t\t\t\t\t\t<\/div>\n\t\t\t\t<\/div>\n\t\t\t\t<div class=\"elementor-element elementor-element-7936def elementor-widget elementor-widget-spacer\" data-id=\"7936def\" data-element_type=\"widget\" data-widget_type=\"spacer.default\">\n\t\t\t\t<div class=\"elementor-widget-container\">\n\t\t\t\t\t\t\t<div class=\"elementor-spacer\">\n\t\t\t<div class=\"elementor-spacer-inner\"><\/div>\n\t\t<\/div>\n\t\t\t\t\t\t<\/div>\n\t\t\t\t<\/div>\n\t\t\t\t\t<\/div>\n\t\t<\/div>\n\t\t\t\t\t<\/div>\n\t\t<\/section>\n\t\t\t\t<section class=\"elementor-section elementor-top-section elementor-element elementor-element-c44a2d9 elementor-section-boxed elementor-section-height-default elementor-section-height-default\" data-id=\"c44a2d9\" data-element_type=\"section\">\n\t\t\t\t\t\t<div class=\"elementor-container elementor-column-gap-default\">\n\t\t\t\t\t<div class=\"elementor-column elementor-col-100 elementor-top-column elementor-element elementor-element-e47dc0a\" data-id=\"e47dc0a\" data-element_type=\"column\">\n\t\t\t<div class=\"elementor-widget-wrap elementor-element-populated\">\n\t\t\t\t\t\t<div class=\"elementor-element elementor-element-3a62ae3 elementor-widget elementor-widget-spacer\" data-id=\"3a62ae3\" data-element_type=\"widget\" data-widget_type=\"spacer.default\">\n\t\t\t\t<div class=\"elementor-widget-container\">\n\t\t\t\t\t\t\t<div class=\"elementor-spacer\">\n\t\t\t<div class=\"elementor-spacer-inner\"><\/div>\n\t\t<\/div>\n\t\t\t\t\t\t<\/div>\n\t\t\t\t<\/div>\n\t\t\t\t<div class=\"elementor-element elementor-element-3a5703c elementor-widget elementor-widget-text-editor\" data-id=\"3a5703c\" data-element_type=\"widget\" data-widget_type=\"text-editor.default\">\n\t\t\t\t<div class=\"elementor-widget-container\">\n\t\t\t\t\t\t\t\t\t<h2 style=\"text-align: center;\"><strong>M\u00e5lgrupper<\/strong><\/h2>\n\t\t\t\t\t\t\t\t<\/div>\n\t\t\t\t<\/div>\n\t\t\t\t<section class=\"elementor-section elementor-inner-section elementor-element elementor-element-f971e92 elementor-section-content-middle elementor-section-boxed elementor-section-height-default elementor-section-height-default\" data-id=\"f971e92\" data-element_type=\"section\">\n\t\t\t\t\t\t<div class=\"elementor-container elementor-column-gap-default\">\n\t\t\t\t\t<div class=\"elementor-column elementor-col-50 elementor-inner-column elementor-element elementor-element-fcf2499\" data-id=\"fcf2499\" data-element_type=\"column\">\n\t\t\t<div class=\"elementor-widget-wrap elementor-element-populated\">\n\t\t\t\t\t\t<div class=\"elementor-element elementor-element-0edc380 elementor-widget elementor-widget-video\" data-id=\"0edc380\" data-element_type=\"widget\" data-settings=\"{&quot;video_type&quot;:&quot;hosted&quot;,&quot;autoplay&quot;:&quot;yes&quot;,&quot;play_on_mobile&quot;:&quot;yes&quot;,&quot;mute&quot;:&quot;yes&quot;,&quot;loop&quot;:&quot;yes&quot;}\" data-widget_type=\"video.default\">\n\t\t\t\t<div class=\"elementor-widget-container\">\n\t\t\t\t\t\t\t<div class=\"e-hosted-video elementor-wrapper elementor-open-inline\">\n\t\t\t\t\t<video class=\"elementor-video\" src=\"https:\/\/droppingthebaggage.eu\/wp-content\/uploads\/2021\/03\/about-impact.mp4\" autoplay=\"\" loop=\"\" muted=\"muted\" playsinline=\"\" controlsList=\"nodownload\" poster=\"https:\/\/droppingthebaggage.eu\/wp-content\/uploads\/2021\/03\/about-001.jpg\"><\/video>\n\t\t\t\t<\/div>\n\t\t\t\t\t\t<\/div>\n\t\t\t\t<\/div>\n\t\t\t\t\t<\/div>\n\t\t<\/div>\n\t\t\t\t<div class=\"elementor-column elementor-col-50 elementor-inner-column elementor-element elementor-element-ff6161f\" data-id=\"ff6161f\" data-element_type=\"column\">\n\t\t\t<div class=\"elementor-widget-wrap elementor-element-populated\">\n\t\t\t\t\t\t<div class=\"elementor-element elementor-element-83e729d elementor-widget elementor-widget-text-editor\" data-id=\"83e729d\" data-element_type=\"widget\" data-widget_type=\"text-editor.default\">\n\t\t\t\t<div class=\"elementor-widget-container\">\n\t\t\t\t\t\t\t\t\t<ul>\n<li>studeranden<\/li>\n<li>Yrkesutbildningsanordnare<\/li>\n<li>L\u00e4rare inom yrkesutbildningen<\/li>\n<li>handledare<\/li>\n<li>arbetshandledare<\/li>\n<li>ungdomsarbetare<\/li>\n<li>akt\u00f6rer som \u00e4r involverade i undervisningen av studeranden inom yrkesutbildningen<\/li>\n<\/ul>\n\t\t\t\t\t\t\t\t<\/div>\n\t\t\t\t<\/div>\n\t\t\t\t\t<\/div>\n\t\t<\/div>\n\t\t\t\t\t<\/div>\n\t\t<\/section>\n\t\t\t\t<div class=\"elementor-element elementor-element-27ae66c elementor-widget elementor-widget-spacer\" data-id=\"27ae66c\" data-element_type=\"widget\" data-widget_type=\"spacer.default\">\n\t\t\t\t<div class=\"elementor-widget-container\">\n\t\t\t\t\t\t\t<div class=\"elementor-spacer\">\n\t\t\t<div class=\"elementor-spacer-inner\"><\/div>\n\t\t<\/div>\n\t\t\t\t\t\t<\/div>\n\t\t\t\t<\/div>\n\t\t\t\t\t<\/div>\n\t\t<\/div>\n\t\t\t\t\t<\/div>\n\t\t<\/section>\n\t\t\t\t<section class=\"elementor-section elementor-top-section elementor-element elementor-element-f067d97 elementor-section-boxed elementor-section-height-default elementor-section-height-default\" data-id=\"f067d97\" data-element_type=\"section\">\n\t\t\t\t\t\t<div class=\"elementor-container elementor-column-gap-default\">\n\t\t\t\t\t<div class=\"elementor-column elementor-col-100 elementor-top-column elementor-element elementor-element-f9f65b0\" data-id=\"f9f65b0\" data-element_type=\"column\">\n\t\t\t<div class=\"elementor-widget-wrap elementor-element-populated\">\n\t\t\t\t\t\t<div class=\"elementor-element elementor-element-98fb8f2 elementor-widget elementor-widget-spacer\" data-id=\"98fb8f2\" data-element_type=\"widget\" data-widget_type=\"spacer.default\">\n\t\t\t\t<div class=\"elementor-widget-container\">\n\t\t\t\t\t\t\t<div class=\"elementor-spacer\">\n\t\t\t<div class=\"elementor-spacer-inner\"><\/div>\n\t\t<\/div>\n\t\t\t\t\t\t<\/div>\n\t\t\t\t<\/div>\n\t\t\t\t<div class=\"elementor-element elementor-element-4ef98a5 elementor-widget elementor-widget-text-editor\" data-id=\"4ef98a5\" data-element_type=\"widget\" data-widget_type=\"text-editor.default\">\n\t\t\t\t<div class=\"elementor-widget-container\">\n\t\t\t\t\t\t\t\t\t<h2 style=\"text-align: center;\"><strong>M\u00e5ls\u00e4ttningar<\/strong><\/h2>\n\t\t\t\t\t\t\t\t<\/div>\n\t\t\t\t<\/div>\n\t\t\t\t<section class=\"elementor-section elementor-inner-section elementor-element elementor-element-0cf363b elementor-section-content-middle elementor-section-boxed elementor-section-height-default elementor-section-height-default\" data-id=\"0cf363b\" data-element_type=\"section\">\n\t\t\t\t\t\t<div class=\"elementor-container elementor-column-gap-default\">\n\t\t\t\t\t<div class=\"elementor-column elementor-col-33 elementor-inner-column elementor-element elementor-element-0798bc8\" data-id=\"0798bc8\" data-element_type=\"column\">\n\t\t\t<div class=\"elementor-widget-wrap elementor-element-populated\">\n\t\t\t\t\t\t<div class=\"elementor-element elementor-element-3265c2b elementor-widget elementor-widget-text-editor\" data-id=\"3265c2b\" data-element_type=\"widget\" data-widget_type=\"text-editor.default\">\n\t\t\t\t<div class=\"elementor-widget-container\">\n\t\t\t\t\t\t\t\t\t<ul>\n<li>Skapa innovativa verktyg som hj\u00e4lper l\u00e4rare att st\u00f6da studeranden att sl\u00e4ppa sitt negativa bagage, ta ansvar f\u00f6r sitt l\u00e4rande och utveckla dolda styrkor.<\/li>\n<\/ul>\n\t\t\t\t\t\t\t\t<\/div>\n\t\t\t\t<\/div>\n\t\t\t\t\t<\/div>\n\t\t<\/div>\n\t\t\t\t<div class=\"elementor-column elementor-col-33 elementor-inner-column elementor-element elementor-element-461dec8\" data-id=\"461dec8\" data-element_type=\"column\">\n\t\t\t<div class=\"elementor-widget-wrap elementor-element-populated\">\n\t\t\t\t\t\t<div class=\"elementor-element elementor-element-3378b3b elementor-widget elementor-widget-text-editor\" data-id=\"3378b3b\" data-element_type=\"widget\" data-widget_type=\"text-editor.default\">\n\t\t\t\t<div class=\"elementor-widget-container\">\n\t\t\t\t\t\t\t\t\t<ul>\n<li>\u00c4ndra existerande tankes\u00e4tt, utbildnings- och undervisningsmetoder samt g\u00f6ra l\u00e4rare till facilitatorer av inl\u00e4rning p\u00e5 ett s\u00e4tt som uppmuntrar studeranden att med \u00f6ppet sinne se p\u00e5 sin egen roll i inl\u00e4rningsprocessen.<\/li>\n<\/ul>\n\t\t\t\t\t\t\t\t<\/div>\n\t\t\t\t<\/div>\n\t\t\t\t\t<\/div>\n\t\t<\/div>\n\t\t\t\t<div class=\"elementor-column elementor-col-33 elementor-inner-column elementor-element elementor-element-bec9023\" data-id=\"bec9023\" data-element_type=\"column\">\n\t\t\t<div class=\"elementor-widget-wrap elementor-element-populated\">\n\t\t\t\t\t\t<div class=\"elementor-element elementor-element-dcfdd0a elementor-widget elementor-widget-text-editor\" data-id=\"dcfdd0a\" data-element_type=\"widget\" data-widget_type=\"text-editor.default\">\n\t\t\t\t<div class=\"elementor-widget-container\">\n\t\t\t\t\t\t\t\t\t<ul>\n<li>Implementera ett mer holistiskt f\u00f6rh\u00e5llningss\u00e4tt till inl\u00e4rning och d\u00e4rmed beakta de sociala sammanhang och de problem som studeranden har d\u00e5 man fastst\u00e4ller studerandens personliga utvecklingsplan f\u00f6r kunnandet och n\u00e4r man s\u00e4tter upp m\u00e5l f\u00f6r studierna<\/li>\n<\/ul>\n\t\t\t\t\t\t\t\t<\/div>\n\t\t\t\t<\/div>\n\t\t\t\t\t<\/div>\n\t\t<\/div>\n\t\t\t\t\t<\/div>\n\t\t<\/section>\n\t\t\t\t<div class=\"elementor-element elementor-element-d24b95c elementor-widget elementor-widget-spacer\" data-id=\"d24b95c\" data-element_type=\"widget\" data-widget_type=\"spacer.default\">\n\t\t\t\t<div class=\"elementor-widget-container\">\n\t\t\t\t\t\t\t<div class=\"elementor-spacer\">\n\t\t\t<div class=\"elementor-spacer-inner\"><\/div>\n\t\t<\/div>\n\t\t\t\t\t\t<\/div>\n\t\t\t\t<\/div>\n\t\t\t\t\t<\/div>\n\t\t<\/div>\n\t\t\t\t\t<\/div>\n\t\t<\/section>\n\t\t\t\t<\/div>\n\t\t","protected":false},"excerpt":{"rendered":"<p>\u201dTappa ditt Bagage \u2013 Investera i framtiden\u201d https:\/\/droppingthebaggage.eu\/wp-content\/uploads\/2021\/03\/about-banner-1.mp4 K\u00e4nner du till hur du kan hj\u00e4lpa dina studeranden att sl\u00e4ppa sitt bagage och investera i sin framtid? \u00c4r du av den \u00e5sikt att undervisningspersonal kan identifiera studeranden som riskerar att avbryta sina studiers inom yrkesutbildningen? Erasmus+ projektet &#8220;Tappa ditt bagage &#8211; Investera i framtiden\u201d har som [&hellip;]<\/p>\n","protected":false},"author":1,"featured_media":1398,"parent":0,"menu_order":0,"comment_status":"closed","ping_status":"closed","template":"","meta":{"site-sidebar-layout":"no-sidebar","site-content-layout":"page-builder","ast-site-content-layout":"default","site-content-style":"default","site-sidebar-style":"default","ast-global-header-display":"","ast-banner-title-visibility":"","ast-main-header-display":"","ast-hfb-above-header-display":"","ast-hfb-below-header-display":"","ast-hfb-mobile-header-display":"","site-post-title":"disabled","ast-breadcrumbs-content":"","ast-featured-img":"disabled","footer-sml-layout":"","ast-disable-related-posts":"","theme-transparent-header-meta":"default","adv-header-id-meta":"","stick-header-meta":"default","header-above-stick-meta":"","header-main-stick-meta":"","header-below-stick-meta":"","astra-migrate-meta-layouts":"default","ast-page-background-enabled":"default","ast-page-background-meta":{"desktop":{"background-color":"","background-image":"","background-repeat":"repeat","background-position":"center center","background-size":"auto","background-attachment":"scroll","background-type":"","background-media":"","overlay-type":"","overlay-color":"","overlay-opacity":"","overlay-gradient":""},"tablet":{"background-color":"","background-image":"","background-repeat":"repeat","background-position":"center center","background-size":"auto","background-attachment":"scroll","background-type":"","background-media":"","overlay-type":"","overlay-color":"","overlay-opacity":"","overlay-gradient":""},"mobile":{"background-color":"","background-image":"","background-repeat":"repeat","background-position":"center center","background-size":"auto","background-attachment":"scroll","background-type":"","background-media":"","overlay-type":"","overlay-color":"","overlay-opacity":"","overlay-gradient":""}},"ast-content-background-meta":{"desktop":{"background-color":"var(--ast-global-color-5)","background-image":"","background-repeat":"repeat","background-position":"center center","background-size":"auto","background-attachment":"scroll","background-type":"","background-media":"","overlay-type":"","overlay-color":"","overlay-opacity":"","overlay-gradient":""},"tablet":{"background-color":"var(--ast-global-color-5)","background-image":"","background-repeat":"repeat","background-position":"center center","background-size":"auto","background-attachment":"scroll","background-type":"","background-media":"","overlay-type":"","overlay-color":"","overlay-opacity":"","overlay-gradient":""},"mobile":{"background-color":"var(--ast-global-color-5)","background-image":"","background-repeat":"repeat","background-position":"center center","background-size":"auto","background-attachment":"scroll","background-type":"","background-media":"","overlay-type":"","overlay-color":"","overlay-opacity":"","overlay-gradient":""}},"footnotes":""},"class_list":["post-1595","page","type-page","status-publish","has-post-thumbnail","hentry"],"_links":{"self":[{"href":"https:\/\/droppingthebaggage.eu\/sv\/wp-json\/wp\/v2\/pages\/1595","targetHints":{"allow":["GET"]}}],"collection":[{"href":"https:\/\/droppingthebaggage.eu\/sv\/wp-json\/wp\/v2\/pages"}],"about":[{"href":"https:\/\/droppingthebaggage.eu\/sv\/wp-json\/wp\/v2\/types\/page"}],"author":[{"embeddable":true,"href":"https:\/\/droppingthebaggage.eu\/sv\/wp-json\/wp\/v2\/users\/1"}],"replies":[{"embeddable":true,"href":"https:\/\/droppingthebaggage.eu\/sv\/wp-json\/wp\/v2\/comments?post=1595"}],"version-history":[{"count":0,"href":"https:\/\/droppingthebaggage.eu\/sv\/wp-json\/wp\/v2\/pages\/1595\/revisions"}],"wp:featuredmedia":[{"embeddable":true,"href":"https:\/\/droppingthebaggage.eu\/sv\/wp-json\/wp\/v2\/media\/1398"}],"wp:attachment":[{"href":"https:\/\/droppingthebaggage.eu\/sv\/wp-json\/wp\/v2\/media?parent=1595"}],"curies":[{"name":"wp","href":"https:\/\/api.w.org\/{rel}","templated":true}]}}