{"id":1599,"date":"2021-04-12T12:49:46","date_gmt":"2021-04-12T12:49:46","guid":{"rendered":"https:\/\/droppingthebaggage.eu\/kontakta-oss\/"},"modified":"2023-03-03T08:52:34","modified_gmt":"2023-03-03T08:52:34","slug":"kontakta-oss","status":"publish","type":"page","link":"https:\/\/droppingthebaggage.eu\/sv\/kontakta-oss\/","title":{"rendered":"Kontakta oss"},"content":{"rendered":"\t\t<div data-elementor-type=\"wp-page\" data-elementor-id=\"1599\" class=\"elementor elementor-1599 elementor-746\" data-elementor-post-type=\"page\">\n\t\t\t\t\t\t<section class=\"elementor-section elementor-top-section elementor-element elementor-element-d71fb32 elementor-section-boxed elementor-section-height-default elementor-section-height-default\" data-id=\"d71fb32\" data-element_type=\"section\" data-e-type=\"section\">\n\t\t\t\t\t\t<div class=\"elementor-container elementor-column-gap-default\">\n\t\t\t\t\t<div class=\"elementor-column elementor-col-100 elementor-top-column elementor-element elementor-element-7fa51912\" data-id=\"7fa51912\" data-element_type=\"column\" data-e-type=\"column\">\n\t\t\t<div class=\"elementor-widget-wrap elementor-element-populated\">\n\t\t\t\t\t\t<div class=\"elementor-element elementor-element-24a3dd6d elementor-widget elementor-widget-spacer\" data-id=\"24a3dd6d\" data-element_type=\"widget\" data-e-type=\"widget\" data-widget_type=\"spacer.default\">\n\t\t\t\t<div class=\"elementor-widget-container\">\n\t\t\t\t\t\t\t<div class=\"elementor-spacer\">\n\t\t\t<div class=\"elementor-spacer-inner\"><\/div>\n\t\t<\/div>\n\t\t\t\t\t\t<\/div>\n\t\t\t\t<\/div>\n\t\t\t\t<div class=\"elementor-element elementor-element-405a9ac3 elementor-widget elementor-widget-text-editor\" data-id=\"405a9ac3\" data-element_type=\"widget\" data-e-type=\"widget\" data-widget_type=\"text-editor.default\">\n\t\t\t\t<div class=\"elementor-widget-container\">\n\t\t\t\t\t\t\t\t\t<h2 style=\"text-align: center;\">Var inte r\u00e4dd f\u00f6r att ta kontakt med oss!<\/h2>\n\t\t\t\t\t\t\t\t<\/div>\n\t\t\t\t<\/div>\n\t\t\t\t<section class=\"elementor-section elementor-inner-section elementor-element elementor-element-3a8794f5 elementor-section-content-middle elementor-section-boxed elementor-section-height-default elementor-section-height-default\" data-id=\"3a8794f5\" data-element_type=\"section\" data-e-type=\"section\">\n\t\t\t\t\t\t<div class=\"elementor-container elementor-column-gap-extended\">\n\t\t\t\t\t<div class=\"elementor-column elementor-col-50 elementor-inner-column elementor-element elementor-element-5fd3d661\" data-id=\"5fd3d661\" data-element_type=\"column\" data-e-type=\"column\">\n\t\t\t<div class=\"elementor-widget-wrap elementor-element-populated\">\n\t\t\t\t\t\t<div class=\"elementor-element elementor-element-43e5d06 elementor-button-align-stretch elementor-widget elementor-widget-form\" data-id=\"43e5d06\" data-element_type=\"widget\" data-e-type=\"widget\" data-settings=\"{&quot;step_next_label&quot;:&quot;Next&quot;,&quot;step_previous_label&quot;:&quot;Previous&quot;,&quot;button_width&quot;:&quot;100&quot;,&quot;step_type&quot;:&quot;number_text&quot;,&quot;step_icon_shape&quot;:&quot;circle&quot;}\" data-widget_type=\"form.default\">\n\t\t\t\t<div class=\"elementor-widget-container\">\n\t\t\t\t\t\t\t<form class=\"elementor-form\" method=\"post\" name=\"New Form\" aria-label=\"New Form\">\n\t\t\t<input type=\"hidden\" name=\"post_id\" value=\"1599\"\/>\n\t\t\t<input type=\"hidden\" name=\"form_id\" value=\"43e5d06\"\/>\n\t\t\t<input type=\"hidden\" name=\"referer_title\" value=\"Kontakta oss - Dropping the Baggage\" \/>\n\n\t\t\t\t\t\t\t<input type=\"hidden\" name=\"queried_id\" value=\"1599\"\/>\n\t\t\t\n\t\t\t<div class=\"elementor-form-fields-wrapper elementor-labels-above\">\n\t\t\t\t\t\t\t\t<div class=\"elementor-field-type-text elementor-field-group elementor-column elementor-field-group-name elementor-col-50 elementor-field-required\">\n\t\t\t\t\t\t\t\t\t\t\t\t<label for=\"form-field-name\" class=\"elementor-field-label\">\n\t\t\t\t\t\t\t\tNamn\t\t\t\t\t\t\t<\/label>\n\t\t\t\t\t\t\t\t\t\t\t\t\t\t<input size=\"1\" type=\"text\" name=\"form_fields[name]\" id=\"form-field-name\" class=\"elementor-field elementor-size-sm  elementor-field-textual\" placeholder=\"Namn\" required=\"required\">\n\t\t\t\t\t\t\t\t\t\t\t<\/div>\n\t\t\t\t\t\t\t\t<div class=\"elementor-field-type-email elementor-field-group elementor-column elementor-field-group-email elementor-col-50 elementor-field-required\">\n\t\t\t\t\t\t\t\t\t\t\t\t<label for=\"form-field-email\" class=\"elementor-field-label\">\n\t\t\t\t\t\t\t\tEmail\t\t\t\t\t\t\t<\/label>\n\t\t\t\t\t\t\t\t\t\t\t\t\t\t<input size=\"1\" type=\"email\" name=\"form_fields[email]\" id=\"form-field-email\" class=\"elementor-field elementor-size-sm  elementor-field-textual\" placeholder=\"Email\" required=\"required\">\n\t\t\t\t\t\t\t\t\t\t\t<\/div>\n\t\t\t\t\t\t\t\t<div class=\"elementor-field-type-textarea elementor-field-group elementor-column elementor-field-group-message elementor-col-100\">\n\t\t\t\t\t\t\t\t\t\t\t\t<label for=\"form-field-message\" class=\"elementor-field-label\">\n\t\t\t\t\t\t\t\tMeddelande\t\t\t\t\t\t\t<\/label>\n\t\t\t\t\t\t<textarea class=\"elementor-field-textual elementor-field  elementor-size-sm\" name=\"form_fields[message]\" id=\"form-field-message\" rows=\"4\" placeholder=\"Meddelande\"><\/textarea>\t\t\t\t<\/div>\n\t\t\t\t<div class=\"elementor-field-type-text elementor-field-group elementor-column elementor-field-group-text elementor-col-100 elementor-field-required\"><input type=\"hidden\" name=\"php_start_time\" value=\"1777991173.9036\" \/><input type=\"hidden\" name=\"js_end_time\" class=\"js_end_time\" value=\"\" \/><input type=\"hidden\" name=\"js_start_time\" class=\"js_start_time\" value=\"\" \/><div class=\"f12-captcha template-2\">\r\n    <div class=\"c-header\">\r\n        <!-- Label correctly linked with `for` -->\r\n        <div class=\"c-label\">\r\n            <label for=\"c_02e41d84693e47dd3bf7\">\r\n\t\t\t\tCaptcha            <\/label>\r\n        <\/div>\r\n\r\n        <!-- CAPTCHA data with ARIA LIVE region -->\r\n        <div class=\"c-data\" aria-live=\"polite\" aria-atomic=\"true\" aria-describedby=\"captcha-instructions\">\r\n\t\t\t<span class=\"captcha-image\"><img id=\"cpi_69f9fe06a408c1.82376389\" alt=\"captcha\" loading=\"eager\" decoding=\"sync\" class=\"no-lazy skip-lazy\" data-skip-lazy=\"true\" data-no-lazy=\"1\" src=\"data:image\/png;base64,iVBORw0KGgoAAAANSUhEUgAAAH0AAAAeCAYAAAAB4BHRAAAACXBIWXMAAA7EAAAOxAGVKw4bAAANuklEQVRoge2be3TU1bXHPzOZhMmDMORFDGmEEGgMj0bK48gFQcsIF7ELbeVha+9FxNG6fFW7pvQuruteVNYsrS211jvVGi2U9mJF6rJIGa4QefRAEUOEEGMIEEJIQt5OJpPMZHL\/OOfHTCHhGYJ08V0r6\/we5+zf+f322Xt\/9z4TuI7ruI7ruI5\/Qpiu9gQuFVLKMcAUYDiQBLQCR4CNQoijV3FqX3lcU0qXUlqAB4GngFHn6PoBsFQIUdMvE7vG0GdKl1I+iLK6FmCNEKK6r2Rr+TnAu8A4fakG+AjYD3iBG4G5QJ6+Xw1MNOYhpXwN6AS2CiE29OXcrjVY+kKIlDIJeAWwRsh9oS9ka\/nZwN+AFJQbfxp4SwgRPKOrU0r5AOAGMlCL5BZ9LxeYAUwAelW6lDIGyAYqhBCdffUOXyWY+0jOQyiFN+vzBX0k18A7KIU3ApOFEG\/0oHAAhBBvAsuMUynlPfq4Srcp53nWfcAhoF1KeUyHlH8qXLbSpZRm4FF9+hvdjpNSnivmnkte3BnnC4Hx+vQRIUTpBYh5GRXXHbqFsNKTzjP2Md2agSz9d675viql\/KmUcuoFzOsrgb5Yxd8FMvXxq8APgQRgPvCcXhQpgFUIUdmbECnl88CPAAncFnFriW7LhBDrIsfYHa44IA1o9ridhpdBCBEC7jrjEcd026vSpZRTUAvMD4SAONQCrhdCtPbQ\/w79vgDPATt6k\/1VQl8o\/QndSiFEpZRyG4pQLUB9iNUol9kspfyaEMLbi5w7UCFiq3FBx1fDgjYC2B2ufJQFzwPSjb52h6sKWA+4PG5ndcT1ecDzr\/\/l06Kld94MYJZSJgkhGiP6DAPqCFv5JmASSunvAb8m7M0isSTi2BYx758CzwM+IFUI4evphaWUP0QZyjn79TUuy71LKScAU47XtbJy7c5hdofr3WO1Lbv17TFSylzApc9tqHTrNOwOV5bd4YrRLj1fX\/4ooksOYXJ42O5w\/QT4O\/AwSuHNQAUq1mcCjwOf2R0uESHjKJBX09iWF3HtdFzXfY8AbVv2HZmvL69GZQcAdASCSXaHa6Hd4ZoQ8e424NsRMmMijtfqNg5lAL1hkW7f7y+Fw+XH9CcAPpBfhHwdwXTgng07P49kvPOFEMUoywF4Srt77A7Xb1EuNwYQKK\/jA\/ZEjE8zDtZsOTARWKnn\/Evg6x63c7DH7RzhcTuTgbEoS0+KMpv+7Nn68eNSylX\/ef\/UF4FQZ7ArM0JuJJlbDIRMQE2j14xK9d4HToei+pb2McAfgHvtDlea3eGa9\/nxhqcJL0gij3VxaJc+XaDf12Z3uArsDteLAFLKDFRxCeD3Z33ZK4hLVrqUMg2Yv++LGqobvGb0S9a3tI8GigCCXaFFdocrDaUsUKTIsKZcwOdxO72EXfiuntKklrYOyo43LNSnizxu5xMet7MsYi4LVyye\/vqKxdNvz8kYTFeoO63seMMq4PFoS9TMQfED\/EBKRyDo10NSAOwOlxVYCOwaPDA2dLLBC\/Dq8oJCy8Gjp3wNre0A+DuDBpl7G2Xd71XWthheq063cVpmtj5frds5UsoEVH3h31FcAf0dzCgvZRhFv+ByLP3RjkBXjOeTClDEZ5FupwLvVp1q5YXf78w1m0yfLC8o3IciaAA\/1m0KYRc6Tben47lGPUBReQ3dyiOs97id6zgbiShvYZs1Mbt51oTs8uHptrXAXoAbkhPMAHXNvvqIZwPcAySOzU4ruyE53tzq6+TDPYf\/BMz849aS+\/aUKmoQ6u5OBPZ63M4SoBSg1ddp8IkS3VrtDtdfUWHou8A6VDHIinLxxmI4pFsjrV3XW\/p5pXBJStcE6+Ft+4\/hbQ8ArPS4nZWoj5z9SdnJHZmpiYzNTiPU3Z2JIiuGtY+XUs5Aue4a7e6NGPwR\/4hyIHiossE4X03PeB+1cFLnzZk5+Jml946cc8dt30MVZxiaPNAKUNPgNRi+weCXAL65Imdc+uAEAHYdrMpCK\/JUcxsAMZYoUFaOca9O3StFcQZQlv5jIAisWl5Q2Als1vcWACP1cZmUMivinfvVtcOlW\/rCxi\/b0\/52sIoB0VGVhKtv2wA27CxLAcrnipEkDbR2Aj9YXlBoRX+wrq7QMhSxq0MRuARUKXVv5EOEEH5gX0ub8srWmKjiMydid7iSlhcUJi0vKGxdXlCYZXe4hN3hmqoJWilA2uB4AE42eg2LSrU7XFnAjHhr9MdxA6InpCclGCLzUYrsPNWiuJVW+lqAFYune2NjLGjXbzBvAKvH7SwGXkJVA\/+LsEJnR5lNBpEsJRziKoUQ\/Z7mXarSn\/hw92G6u7tZeFte2YrF01+TUv7s3ltzMwCy0hIfBaqiLWbu+9aYGJSbc1ecbHodoK0jcIeWU0M4nu\/oxc39b3uHuuyYO35OD\/cfAg6iavCfoMq121FVvBKA9CSl9NqmNuN9U1Dx1TxrYrYFINUWaxCvb3rczhBQ3uztIBAMETfA4vO4nUaKd0+qLY6OQBdv\/7V4MyqkgY7pwLMoD\/X4S+tkOWoxWwdEW\/KBRi3HYO1\/7OnjXmlctNKllFPKq5vGlx5v4KYbU\/ha2qCZqFTsR+NGDHkg3hpNZ7BrBqrOzZDB8Uy+KWMLYCvYVHw3UNmmQgLASWC6Pj4znht4I96qsqFAMLRMh5ZI1AEHUORxL2HuYEHH0aSBsZhNpmCz12+YcwrwbyaouTknfSpAcmLcShSpMlLHAwD1LT5irdGRi3FJcmIsAOXVTZmEax1WAI\/b2QksBSwtbR2r0HX+gMoeyvQ+glFh7HfXDpeg9FCo++mNu8sBOHi0nufW7OC\/V29vfvmd3WUFm\/bvMZlorGlsw9cRWI\/6iMwVI3NQxObWddtK9nn9iqAPiI5qBm7Xos+M5wAIIVqjzKZSgBP1X2YAqyPr4R63802P2znW43be7HE7J6JJYZTZlIAqrADUW6JM5W3+QBLAocr6bCB7VGZSKUpZ5UKID1ALJ8fucMWgQ0NdcxvRUeYYAB2Lb7fGnH58HmFSeLp87HE7twFvAlPWbDlQ194RJNAVsphMlBN27Qd0OtvvuCilSykzd5eemHeq2YctwVoP7AN8gWDI1uT1j6o42TzJ264+7Mq1u9zAGj101AOzv7EKqPjsyKnZR042+wFmjh9+Nyq2t2pZPaLJ618JsLv0BF2h7vnAdl0yPQsrFk8XANEWcwJKoRXAtM5gaFdXqNvWGeyiqLw2C2DWxBG5etgq3RajLHcU0A5Q3eDFZDJZpZSJ6JBQWddqEMLRhHPtyJwd1E5gzefHG35wol71v3HIIIB79f2rYuVwkUpv+tLv3PrpMfOA6CjmTBpxt8ft\/KbH7YxH7WXPQv24wdjgmIZmzwDDb7DdiWKx5u2fHY8BGJoycIa+\/bGul\/eGdUBlTWMb67eXEgiGBLBTSlkrpfxQSvmObmsPHj213QR0dXUD\/A8wVm\/SfAbQ0NLOF1WNibEDLKWptrh01IJ7Sz\/nU93mAiMA9h+updnrB3g41N29tHD\/Marrv4wDWpMTY2cDw\/SYf9go0nsBjwEp7+0oCwJ8I3tIHmHXflXiOVxE7V1Kaf3zzrKH2juDiJuGVi1eMPc069TpWiWw2e5wbUblpVNRpKYOlZ7N97id\/2F3uJzAzwESYk+H5\/8717M9bqff7nDdDewsrqizllc3+SbnZsQMS7elxVujZ\/s7g1SdaqXocC01jSrNMptNW4QQj0SIOQAgD50IBrpCllvHZRlFoDcj9gOKdJsJ3G4yEWzzByyr1u8hOTHO1drWQXtnkBuHDNro8wdmtHcGhqE4hOBsS8fjdv7J7nC93+rr+DZAVlqiofBdV\/MnXRds6cUVdcv2fXEyJjbGwuSbMp49R9dSFKOdtLyg0IzKoQFypJT5HrfzF+jcNkLp2873fI\/buQ+YDBT7\/IG4rUXHLAWb9vOrDXt5Y2MRm\/5eYSi8BnB88Ktn7Ge+AsD+w7WW6Cgzt4zOHIeqjr0S0acElWn8K5CdOihuQ3JiLMGubmqb2ugIBBF5Q3lwTv68W0YPtY0elloOfE+PtfSy9\/4I0JycGBtM0gSQq+ja4SKULktOPBPqhlvyhvpSBsX9rrd+Ot0pQbm7CYTJFISrULZoi7k52mIGqBdCFHEB0HnwzYAd5bq3oKxzF8pFLwCGe9zO3\/Qwtg6o7wp1kzcshQHRUaA2Oioi+gRRi3YmEMzPGfLik9+ZxMN3ja95cE4+P1n0L9w5OWcH8NbEr2fc9dyT949E1erfQO0HnPU99Y5f8pPfmfSCJcoMqnjTU1Wx33DB7t0fCI5MT4ofn56cUHQBZcNiVOyaCvwCtYmSAsywO1y3ArYhg+ONmvVF\/V5NL6ot+u9i4RibnfbYlNGZ+SgCuaqHPkWoOvnmaWOz9gLBoSkDjZLrGiHE\/ZGddQFp6fnm7HHzLCrcXXVcsNLXuh6rBqp7q4Oege2ojYxpQoiXgMl6H\/wp4C8A40emG\/vPb\/csou\/hcTvXe2D9y4CUMqGXvf1lqHJvpRAiJKWsIkzWXumh\/zWHK\/oTaLvDle5xO2sAVrz6hzEfF1fuB8wjhya1ft8+JtFsMu0RQky+knO4XEgpv4\/KRCxCiCXn638toN9+9y6lzD1e13rIGmMh1RYHagdtuhCi5DxDr6OP0a\/\/7CClfB21w1UCvNbXv42\/jgvD\/wMKJi+tXhrYOgAAAABJRU5ErkJggg==\" \/><\/span>        <\/div>\r\n\r\n        <!-- CAPTCHA reload with keyboard accessibility -->\r\n        <div class=\"c-reload\" role=\"button\" tabindex=\"0\" aria-label=\"Uppdatera CAPTCHA\">\r\n\t\t\t<a href=\"#\" class=\"cf7 captcha-reload\" style=\"display:inline-flex !important; align-items:center !important; justify-content:center !important; background-color:#2196f3 !important; padding:3px !important; border-radius:3px !important; line-height:0 !important; box-sizing:content-box !important; text-decoration:none !important;\" title=\"Ladda om CAPTCHA\"><img decoding=\"async\" style=\"display:block !important; width:16px !important; height:16px !important; max-width:none !important; margin:0 !important; padding:0 !important;\" src=\"https:\/\/droppingthebaggage.eu\/wp-content\/plugins\/captcha-for-contact-form-7\/core\/assets\/reload-icon.png\" alt=\"Ladda om\"\/><\/a>        <\/div>\r\n\t\t    <\/div>\r\n\r\n    <!-- Hidden input values -->\r\n    <input type=\"hidden\" id=\"hash_c_02e41d84693e47dd3bf7\"\r\n           name=\"f12_captcha_hash\"\r\n           value=\"$2y$10$7c1CL88fTa3kcjEEsrrCYuMBXrFueTpEdKom\/L2jyb0FIxOoAhABG\"\/>\r\n\r\n    <!-- Input field with accessibility attributes -->\r\n    <div class=\"\" >\r\n        <input class=\"f12c \"\r\n               data-method=\"image\"                type=\"text\"\r\n               id=\"c_02e41d84693e47dd3bf7\"\r\n               name=\"f12_captcha\"\r\n               placeholder=\"Captcha\"\r\n               value=\"\"\r\n               aria-required=\"true\"\r\n               aria-describedby=\"captcha-instructions\"\/>\r\n    <\/div>\r\n\r\n    <!-- Screen reader instructions -->\r\n    <p id=\"captcha-instructions\" class=\"screen-reader-text\">\r\n\t\tAnge tecknen som visas i CAPTCHA f\u00f6r att verifiera att du \u00e4r m\u00e4nniska.    <\/p>\r\n<\/div><\/div>\t\t\t\t<div class=\"elementor-field-type-text\">\n\t\t\t\t\t<input size=\"1\" type=\"text\" name=\"form_fields[field_4e1abbe]\" id=\"form-field-field_4e1abbe\" class=\"elementor-field elementor-size-sm \" style=\"display:none !important;\">\t\t\t\t<\/div>\n\t\t\t\t\t\t\t\t<div class=\"elementor-field-group elementor-column elementor-field-type-submit elementor-col-100 e-form__buttons\">\n\t\t\t\t\t<button class=\"elementor-button elementor-size-sm\" type=\"submit\">\n\t\t\t\t\t\t<span class=\"elementor-button-content-wrapper\">\n\t\t\t\t\t\t\t\t\t\t\t\t\t\t\t\t\t\t\t\t\t\t<span class=\"elementor-button-text\">Skicka<\/span>\n\t\t\t\t\t\t\t\t\t\t\t\t\t<\/span>\n\t\t\t\t\t<\/button>\n\t\t\t\t<\/div>\n\t\t\t<\/div>\n\t\t<\/form>\n\t\t\t\t\t\t<\/div>\n\t\t\t\t<\/div>\n\t\t\t\t\t<\/div>\n\t\t<\/div>\n\t\t\t\t<div class=\"elementor-column elementor-col-50 elementor-inner-column elementor-element elementor-element-7a3e0b79\" data-id=\"7a3e0b79\" data-element_type=\"column\" data-e-type=\"column\">\n\t\t\t<div class=\"elementor-widget-wrap elementor-element-populated\">\n\t\t\t\t\t\t<div class=\"elementor-element elementor-element-3cd05351 elementor-widget elementor-widget-video\" data-id=\"3cd05351\" data-element_type=\"widget\" data-e-type=\"widget\" data-settings=\"{&quot;video_type&quot;:&quot;hosted&quot;,&quot;autoplay&quot;:&quot;yes&quot;,&quot;play_on_mobile&quot;:&quot;yes&quot;,&quot;mute&quot;:&quot;yes&quot;,&quot;loop&quot;:&quot;yes&quot;}\" data-widget_type=\"video.default\">\n\t\t\t\t<div class=\"elementor-widget-container\">\n\t\t\t\t\t\t\t<div class=\"e-hosted-video elementor-wrapper elementor-open-inline\">\n\t\t\t\t\t<video class=\"elementor-video\" src=\"https:\/\/droppingthebaggage.eu\/wp-content\/uploads\/2021\/03\/Contact-1.m4v\" autoplay=\"\" loop=\"\" muted=\"muted\" playsinline=\"\" controlsList=\"nodownload\" poster=\"https:\/\/droppingthebaggage.eu\/wp-content\/uploads\/2021\/03\/contact001.jpg\"><\/video>\n\t\t\t\t<\/div>\n\t\t\t\t\t\t<\/div>\n\t\t\t\t<\/div>\n\t\t\t\t\t<\/div>\n\t\t<\/div>\n\t\t\t\t\t<\/div>\n\t\t<\/section>\n\t\t\t\t<div class=\"elementor-element elementor-element-1fe0d2f8 elementor-widget elementor-widget-spacer\" data-id=\"1fe0d2f8\" data-element_type=\"widget\" data-e-type=\"widget\" data-widget_type=\"spacer.default\">\n\t\t\t\t<div class=\"elementor-widget-container\">\n\t\t\t\t\t\t\t<div class=\"elementor-spacer\">\n\t\t\t<div class=\"elementor-spacer-inner\"><\/div>\n\t\t<\/div>\n\t\t\t\t\t\t<\/div>\n\t\t\t\t<\/div>\n\t\t\t\t<div class=\"elementor-element elementor-element-25355b4 elementor-widget elementor-widget-text-editor\" data-id=\"25355b4\" data-element_type=\"widget\" data-e-type=\"widget\" data-widget_type=\"text-editor.default\">\n\t\t\t\t<div class=\"elementor-widget-container\">\n\t\t\t\t\t\t\t\t\t<h2 style=\"text-align: center;\">Vi \u00e4r i kontakt med dig s\u00e5 fort som m\u00f6jligt!<\/h2>\n\t\t\t\t\t\t\t\t<\/div>\n\t\t\t\t<\/div>\n\t\t\t\t\t<\/div>\n\t\t<\/div>\n\t\t\t\t\t<\/div>\n\t\t<\/section>\n\t\t\t\t<\/div>\n\t\t","protected":false},"excerpt":{"rendered":"<p>Var inte r\u00e4dd f\u00f6r att ta kontakt med oss! https:\/\/droppingthebaggage.eu\/wp-content\/uploads\/2021\/03\/Contact-1.m4v Vi \u00e4r i kontakt med dig s\u00e5 fort som m\u00f6jligt!<\/p>\n","protected":false},"author":1,"featured_media":1441,"parent":0,"menu_order":0,"comment_status":"closed","ping_status":"closed","template":"","meta":{"site-sidebar-layout":"no-sidebar","site-content-layout":"page-builder","ast-site-content-layout":"default","site-content-style":"default","site-sidebar-style":"default","ast-global-header-display":"","ast-banner-title-visibility":"","ast-main-header-display":"","ast-hfb-above-header-display":"","ast-hfb-below-header-display":"","ast-hfb-mobile-header-display":"","site-post-title":"disabled","ast-breadcrumbs-content":"","ast-featured-img":"disabled","footer-sml-layout":"","ast-disable-related-posts":"","theme-transparent-header-meta":"default","adv-header-id-meta":"","stick-header-meta":"default","header-above-stick-meta":"","header-main-stick-meta":"","header-below-stick-meta":"","astra-migrate-meta-layouts":"default","ast-page-background-enabled":"default","ast-page-background-meta":{"desktop":{"background-color":"","background-image":"","background-repeat":"repeat","background-position":"center center","background-size":"auto","background-attachment":"scroll","background-type":"","background-media":"","overlay-type":"","overlay-color":"","overlay-opacity":"","overlay-gradient":""},"tablet":{"background-color":"","background-image":"","background-repeat":"repeat","background-position":"center center","background-size":"auto","background-attachment":"scroll","background-type":"","background-media":"","overlay-type":"","overlay-color":"","overlay-opacity":"","overlay-gradient":""},"mobile":{"background-color":"","background-image":"","background-repeat":"repeat","background-position":"center center","background-size":"auto","background-attachment":"scroll","background-type":"","background-media":"","overlay-type":"","overlay-color":"","overlay-opacity":"","overlay-gradient":""}},"ast-content-background-meta":{"desktop":{"background-color":"var(--ast-global-color-5)","background-image":"","background-repeat":"repeat","background-position":"center center","background-size":"auto","background-attachment":"scroll","background-type":"","background-media":"","overlay-type":"","overlay-color":"","overlay-opacity":"","overlay-gradient":""},"tablet":{"background-color":"var(--ast-global-color-5)","background-image":"","background-repeat":"repeat","background-position":"center center","background-size":"auto","background-attachment":"scroll","background-type":"","background-media":"","overlay-type":"","overlay-color":"","overlay-opacity":"","overlay-gradient":""},"mobile":{"background-color":"var(--ast-global-color-5)","background-image":"","background-repeat":"repeat","background-position":"center center","background-size":"auto","background-attachment":"scroll","background-type":"","background-media":"","overlay-type":"","overlay-color":"","overlay-opacity":"","overlay-gradient":""}},"footnotes":""},"class_list":["post-1599","page","type-page","status-publish","has-post-thumbnail","hentry"],"_links":{"self":[{"href":"https:\/\/droppingthebaggage.eu\/sv\/wp-json\/wp\/v2\/pages\/1599","targetHints":{"allow":["GET"]}}],"collection":[{"href":"https:\/\/droppingthebaggage.eu\/sv\/wp-json\/wp\/v2\/pages"}],"about":[{"href":"https:\/\/droppingthebaggage.eu\/sv\/wp-json\/wp\/v2\/types\/page"}],"author":[{"embeddable":true,"href":"https:\/\/droppingthebaggage.eu\/sv\/wp-json\/wp\/v2\/users\/1"}],"replies":[{"embeddable":true,"href":"https:\/\/droppingthebaggage.eu\/sv\/wp-json\/wp\/v2\/comments?post=1599"}],"version-history":[{"count":4,"href":"https:\/\/droppingthebaggage.eu\/sv\/wp-json\/wp\/v2\/pages\/1599\/revisions"}],"predecessor-version":[{"id":3495,"href":"https:\/\/droppingthebaggage.eu\/sv\/wp-json\/wp\/v2\/pages\/1599\/revisions\/3495"}],"wp:featuredmedia":[{"embeddable":true,"href":"https:\/\/droppingthebaggage.eu\/sv\/wp-json\/wp\/v2\/media\/1441"}],"wp:attachment":[{"href":"https:\/\/droppingthebaggage.eu\/sv\/wp-json\/wp\/v2\/media?parent=1599"}],"curies":[{"name":"wp","href":"https:\/\/api.w.org\/{rel}","templated":true}]}}